{"id":1720,"date":"2022-02-18T10:31:48","date_gmt":"2022-02-18T10:31:48","guid":{"rendered":"https:\/\/bonvin-dev.ch\/the-guerites\/"},"modified":"2025-04-10T19:16:31","modified_gmt":"2025-04-10T19:16:31","slug":"the-guerites","status":"publish","type":"page","link":"https:\/\/bonvin1858.ch\/en\/the-guerites\/","title":{"rendered":"The gu\u00e9rites"},"content":{"rendered":"<p>[et_pb_section fb_built=&#8221;1&#8243; _builder_version=&#8221;4.16&#8243; _module_preset=&#8221;default&#8221; custom_margin=&#8221;|||300px|false|false&#8221; custom_margin_tablet=&#8221;|||0px|false|false&#8221; custom_margin_phone=&#8221;|||0px|false|false&#8221; custom_margin_last_edited=&#8221;on|tablet&#8221; custom_padding=&#8221;0px|||||&#8221; global_colors_info=&#8221;{}&#8221;][et_pb_row _builder_version=&#8221;4.16&#8243; _module_preset=&#8221;default&#8221; width=&#8221;100%&#8221; max_width=&#8221;100%&#8221; custom_margin=&#8221;|0px|||false|false&#8221; custom_padding=&#8221;0px|||||&#8221; global_colors_info=&#8221;{}&#8221;][et_pb_column type=&#8221;4_4&#8243; _builder_version=&#8221;4.16&#8243; _module_preset=&#8221;default&#8221; global_colors_info=&#8221;{}&#8221;][et_pb_image src=&#8221;https:\/\/bonvin1858.ch\/wp-content\/uploads\/2022\/01\/img-guerites.jpg&#8221; title_text=&#8221;img-guerites&#8221; align=&#8221;center&#8221; force_fullwidth=&#8221;on&#8221; _builder_version=&#8221;4.16&#8243; _module_preset=&#8221;default&#8221; global_colors_info=&#8221;{}&#8221;][\/et_pb_image][\/et_pb_column][\/et_pb_row][et_pb_row _builder_version=&#8221;4.16&#8243; _module_preset=&#8221;default&#8221; global_colors_info=&#8221;{}&#8221;][et_pb_column type=&#8221;4_4&#8243; _builder_version=&#8221;4.16&#8243; _module_preset=&#8221;default&#8221; global_colors_info=&#8221;{}&#8221;][et_pb_text _builder_version=&#8221;4.16&#8243; _module_preset=&#8221;default&#8221; header_2_text_align=&#8221;center&#8221; global_colors_info=&#8221;{}&#8221;]<\/p>\n<h2>Shared pleasures at the Mazots<br \/>\ndu Clos du Ch\u00e2teau.<\/h2>\n<p>[\/et_pb_text][\/et_pb_column][\/et_pb_row][et_pb_row column_structure=&#8221;3_5,2_5&#8243; use_custom_gutter=&#8221;on&#8221; gutter_width=&#8221;4&#8243; _builder_version=&#8221;4.16&#8243; _module_preset=&#8221;default&#8221; global_colors_info=&#8221;{}&#8221;][et_pb_column type=&#8221;3_5&#8243; _builder_version=&#8221;4.16&#8243; _module_preset=&#8221;default&#8221; global_colors_info=&#8221;{}&#8221;][et_pb_text _builder_version=&#8221;4.16&#8243; _module_preset=&#8221;default&#8221; custom_margin=&#8221;||||false|false&#8221; global_colors_info=&#8221;{}&#8221;]<\/p>\n<p>Formerly shelters and storehouses reserved for our winegrowers, the Mazots du Clos du Ch\u00e2teau have been opened to the public for more than a decade. They offer an exceptional and private welcome area for people wishing to discover the wines of the domains of the Maison Bonvin at the place where they are grown.<br \/>\nNestled among the grapes, the terrace touches the sky and offers a breathtaking view of the Ch\u00e2teau de Torbillon and the snow-covered peaks fo the Val d\u2019H\u00e9rens,<\/p>\n<p>We thank you for informing us about your allergies and\/or food intolerances.<\/p>\n<p>[\/et_pb_text][et_pb_button button_url=&#8221;\/wp-content\/uploads\/2025\/04\/Menu-Clos-du-Chateau-EN-3.pdf&#8221; url_new_window=&#8221;on&#8221; button_text=&#8221;Download menu&#8221; _builder_version=&#8221;4.27.4&#8243; _module_preset=&#8221;default&#8221; hover_enabled=&#8221;0&#8243; global_colors_info=&#8221;{}&#8221; sticky_enabled=&#8221;0&#8243;][\/et_pb_button][\/et_pb_column][et_pb_column type=&#8221;2_5&#8243; _builder_version=&#8221;4.16&#8243; _module_preset=&#8221;default&#8221; global_colors_info=&#8221;{}&#8221;][et_pb_text _builder_version=&#8221;4.16&#8243; _module_preset=&#8221;default&#8221; link_text_color=&#8221;#000000&#8243; global_colors_info=&#8221;{}&#8221;]<\/p>\n<h5>INFO<\/h5>\n<p>Room inside for 30 persons<br \/>\nShady terrace for 40 persons<br \/>\nCar park on site, parking spaces for coaches at the church of Champlan<br \/>\nOpen for reservations from groups of 20<\/p>\n<p><span style=\"font-size: 14px;\">Caution: the places inside are limited in number. By bad weather these cannot be guaranteed.<\/span><\/p>\n<h5>ADDRESS<\/h5>\n<p style=\"padding-bottom: 14px;\">Rue du Mont, Champlan\/Grimisuat<\/p>\n<h5>CONTACT<\/h5>\n<p><a href=\"tel:+41272056525\">027 205 65 25<\/a><br \/>\n<a href=\"mailto:reservation@celliers.ch\">reservation@celliers.ch<\/a><\/p>\n<p>[\/et_pb_text][\/et_pb_column][\/et_pb_row][\/et_pb_section][et_pb_section fb_built=&#8221;1&#8243; _builder_version=&#8221;4.16&#8243; _module_preset=&#8221;default&#8221; custom_margin=&#8221;|||300px|false|false&#8221; custom_margin_tablet=&#8221;|||0px|false|false&#8221; custom_margin_phone=&#8221;|||0px|false|false&#8221; custom_margin_last_edited=&#8221;on|tablet&#8221; custom_padding=&#8221;0px||0px||false|false&#8221; global_colors_info=&#8221;{}&#8221;][et_pb_row _builder_version=&#8221;4.16&#8243; _module_preset=&#8221;default&#8221; width=&#8221;100%&#8221; max_width=&#8221;100%&#8221; custom_margin=&#8221;|0px|||false|false&#8221; custom_padding=&#8221;0px|||||&#8221; global_colors_info=&#8221;{}&#8221;][et_pb_column type=&#8221;4_4&#8243; _builder_version=&#8221;4.16&#8243; _module_preset=&#8221;default&#8221; global_colors_info=&#8221;{}&#8221;][et_pb_image src=&#8221;https:\/\/bonvin1858.ch\/wp-content\/uploads\/2022\/01\/img-guerites02.jpg&#8221; title_text=&#8221;img-guerites&#8221; align=&#8221;center&#8221; force_fullwidth=&#8221;on&#8221; _builder_version=&#8221;4.16&#8243; _module_preset=&#8221;default&#8221; global_colors_info=&#8221;{}&#8221;][\/et_pb_image][\/et_pb_column][\/et_pb_row][et_pb_row _builder_version=&#8221;4.16&#8243; _module_preset=&#8221;default&#8221; global_colors_info=&#8221;{}&#8221;][et_pb_column type=&#8221;4_4&#8243; _builder_version=&#8221;4.16&#8243; _module_preset=&#8221;default&#8221; global_colors_info=&#8221;{}&#8221;][et_pb_text _builder_version=&#8221;4.16&#8243; _module_preset=&#8221;default&#8221; header_2_text_align=&#8221;center&#8221; global_colors_info=&#8221;{}&#8221;]<\/p>\n<h2>Moments of conviviality<br \/>\nat the Gu\u00e9rite Br\u00fblefer.<\/h2>\n<p>[\/et_pb_text][\/et_pb_column][\/et_pb_row][et_pb_row column_structure=&#8221;3_5,2_5&#8243; use_custom_gutter=&#8221;on&#8221; gutter_width=&#8221;4&#8243; _builder_version=&#8221;4.16&#8243; _module_preset=&#8221;default&#8221; global_colors_info=&#8221;{}&#8221;][et_pb_column type=&#8221;3_5&#8243; _builder_version=&#8221;4.16&#8243; _module_preset=&#8221;default&#8221; global_colors_info=&#8221;{}&#8221;][et_pb_text _builder_version=&#8221;4.16&#8243; _module_preset=&#8221;default&#8221; custom_margin=&#8221;||||false|false&#8221; global_colors_info=&#8221;{}&#8221;]<\/p>\n<p>A charming little vineyard cottage situated alongside the Bisse de Clavau<br \/>\nThe Gu\u00e9rite Br\u00fblefer invites you to taste and discover the wines of the Domaine Bonvin and local Valais culinary products here. On these shady terraces overlooking the Ch\u00e2teu de Tourbillon the visitor is immersed in the heart of the Sion vineyards.<br \/>\nCome up and let yourself be carried away by the magic of The Gu\u00e9rite Br\u00fblefer, here where time no longer has a hold\u2026<\/p>\n<p>We thank you for informing us about your allergies and\/or food intolerances.<\/p>\n<p>[\/et_pb_text][et_pb_button button_url=&#8221;\/wp-content\/uploads\/2025\/04\/EN-Menu-Brulefer-2.pdf&#8221; button_text=&#8221;Download menu&#8221; _builder_version=&#8221;4.27.4&#8243; _module_preset=&#8221;default&#8221; hover_enabled=&#8221;0&#8243; global_colors_info=&#8221;{}&#8221; sticky_enabled=&#8221;0&#8243;][\/et_pb_button][\/et_pb_column][et_pb_column type=&#8221;2_5&#8243; _builder_version=&#8221;4.16&#8243; _module_preset=&#8221;default&#8221; global_colors_info=&#8221;{}&#8221;][et_pb_text _builder_version=&#8221;4.16&#8243; _module_preset=&#8221;default&#8221; link_text_color=&#8221;#000000&#8243; global_colors_info=&#8221;{}&#8221;]<\/p>\n<h5>INFO<\/h5>\n<p>Open between April and October from Thursday to Sunday, 10h30 to 18h30<br \/>\nTerrace for 60 persons and 25 places inside<\/p>\n<p><span style=\"font-size: 14px;\">Caution: the places inside are limited in number. By bad weather these cannot be guaranteed.<\/span><\/p>\n<h5>ACCESS<\/h5>\n<p style=\"padding-bottom: 14px;\">Rue du Mont, Champlan\/Grimisuat<br \/>\nAccess on foot only along the Bisse de Clavau (10 to 15 minute walk)<\/p>\n<h5>CONTACT<\/h5>\n<p>027\/ 205 65 23<br \/>\nreservation@celliers.ch<br \/>\n079\/ 246 56 59 \u2013 for last-minute reservations<\/p>\n<p>[\/et_pb_text][\/et_pb_column][\/et_pb_row][et_pb_row _builder_version=&#8221;4.16&#8243; _module_preset=&#8221;default&#8221; custom_padding=&#8221;||0px||false|false&#8221; global_colors_info=&#8221;{}&#8221;][et_pb_column type=&#8221;4_4&#8243; _builder_version=&#8221;4.16&#8243; _module_preset=&#8221;default&#8221; global_colors_info=&#8221;{}&#8221;][et_pb_image src=&#8221;https:\/\/bonvin1858.ch\/wp-content\/uploads\/2022\/02\/footer_guerites-1-scaled.jpg&#8221; title_text=&#8221;footer_guerites&#8221; _builder_version=&#8221;4.16&#8243; _module_preset=&#8221;default&#8221; global_colors_info=&#8221;{}&#8221;][\/et_pb_image][\/et_pb_column][\/et_pb_row][\/et_pb_section]<\/p>\n","protected":false},"excerpt":{"rendered":"<p>Shared pleasures at the Mazots du Clos du Ch\u00e2teau.Formerly shelters and storehouses reserved for our winegrowers, the Mazots du Clos du Ch\u00e2teau have been opened to the public for more than a decade. They offer an exceptional and private welcome area for people wishing to discover the wines of the domains of the Maison Bonvin [&hellip;]<\/p>\n","protected":false},"author":4,"featured_media":0,"parent":0,"menu_order":0,"comment_status":"closed","ping_status":"closed","template":"","meta":{"_et_pb_use_builder":"on","_et_pb_old_content":"","_et_gb_content_width":"","footnotes":""},"dipi_cpt_category":[],"class_list":["post-1720","page","type-page","status-publish","hentry"],"yoast_head":"<!-- This site is optimized with the Yoast SEO plugin v27.3 - https:\/\/yoast.com\/product\/yoast-seo-wordpress\/ -->\n<title>The gu\u00e9rites - Charles Bonvin 1858<\/title>\n<meta name=\"robots\" content=\"index, follow, max-snippet:-1, max-image-preview:large, max-video-preview:-1\" \/>\n<link rel=\"canonical\" href=\"https:\/\/bonvin1858.ch\/en\/the-guerites\/\" \/>\n<meta property=\"og:locale\" content=\"en_US\" \/>\n<meta property=\"og:type\" content=\"article\" \/>\n<meta property=\"og:title\" content=\"The gu\u00e9rites - Charles Bonvin 1858\" \/>\n<meta property=\"og:description\" content=\"Shared pleasures at the Mazots du Clos du Ch\u00e2teau.Formerly shelters and storehouses reserved for our winegrowers, the Mazots du Clos du Ch\u00e2teau have been opened to the public for more than a decade. They offer an exceptional and private welcome area for people wishing to discover the wines of the domains of the Maison Bonvin [&hellip;]\" \/>\n<meta property=\"og:url\" content=\"https:\/\/bonvin1858.ch\/en\/the-guerites\/\" \/>\n<meta property=\"og:site_name\" content=\"Charles Bonvin 1858\" \/>\n<meta property=\"article:publisher\" content=\"https:\/\/www.facebook.com\/lescelliersdesion\" \/>\n<meta property=\"article:modified_time\" content=\"2025-04-10T19:16:31+00:00\" \/>\n<meta property=\"og:image\" content=\"https:\/\/bonvin1858.ch\/wp-content\/uploads\/2022\/01\/logo-bonvin.png\" \/>\n\t<meta property=\"og:image:width\" content=\"1637\" \/>\n\t<meta property=\"og:image:height\" content=\"468\" \/>\n\t<meta property=\"og:image:type\" content=\"image\/png\" \/>\n<meta name=\"twitter:card\" content=\"summary_large_image\" \/>\n<meta name=\"twitter:label1\" content=\"Est. reading time\" \/>\n\t<meta name=\"twitter:data1\" content=\"5 minutes\" \/>\n<script type=\"application\/ld+json\" class=\"yoast-schema-graph\">{\"@context\":\"https:\\\/\\\/schema.org\",\"@graph\":[{\"@type\":\"WebPage\",\"@id\":\"https:\\\/\\\/bonvin1858.ch\\\/en\\\/the-guerites\\\/\",\"url\":\"https:\\\/\\\/bonvin1858.ch\\\/en\\\/the-guerites\\\/\",\"name\":\"The gu\u00e9rites - Charles Bonvin 1858\",\"isPartOf\":{\"@id\":\"https:\\\/\\\/bonvin1858.ch\\\/en\\\/#website\"},\"datePublished\":\"2022-02-18T10:31:48+00:00\",\"dateModified\":\"2025-04-10T19:16:31+00:00\",\"breadcrumb\":{\"@id\":\"https:\\\/\\\/bonvin1858.ch\\\/en\\\/the-guerites\\\/#breadcrumb\"},\"inLanguage\":\"en-US\",\"potentialAction\":[{\"@type\":\"ReadAction\",\"target\":[\"https:\\\/\\\/bonvin1858.ch\\\/en\\\/the-guerites\\\/\"]}]},{\"@type\":\"BreadcrumbList\",\"@id\":\"https:\\\/\\\/bonvin1858.ch\\\/en\\\/the-guerites\\\/#breadcrumb\",\"itemListElement\":[{\"@type\":\"ListItem\",\"position\":1,\"name\":\"Accueil\",\"item\":\"https:\\\/\\\/bonvin1858.ch\\\/en\\\/home\\\/\"},{\"@type\":\"ListItem\",\"position\":2,\"name\":\"The gu\u00e9rites\"}]},{\"@type\":\"WebSite\",\"@id\":\"https:\\\/\\\/bonvin1858.ch\\\/en\\\/#website\",\"url\":\"https:\\\/\\\/bonvin1858.ch\\\/en\\\/\",\"name\":\"Charles Bonvin 1858\",\"description\":\"\",\"publisher\":{\"@id\":\"https:\\\/\\\/bonvin1858.ch\\\/en\\\/#organization\"},\"potentialAction\":[{\"@type\":\"SearchAction\",\"target\":{\"@type\":\"EntryPoint\",\"urlTemplate\":\"https:\\\/\\\/bonvin1858.ch\\\/en\\\/?s={search_term_string}\"},\"query-input\":{\"@type\":\"PropertyValueSpecification\",\"valueRequired\":true,\"valueName\":\"search_term_string\"}}],\"inLanguage\":\"en-US\"},{\"@type\":\"Organization\",\"@id\":\"https:\\\/\\\/bonvin1858.ch\\\/en\\\/#organization\",\"name\":\"Charles Bonvin 1858\",\"url\":\"https:\\\/\\\/bonvin1858.ch\\\/en\\\/\",\"logo\":{\"@type\":\"ImageObject\",\"inLanguage\":\"en-US\",\"@id\":\"https:\\\/\\\/bonvin1858.ch\\\/en\\\/#\\\/schema\\\/logo\\\/image\\\/\",\"url\":\"https:\\\/\\\/bonvin1858.ch\\\/wp-content\\\/uploads\\\/2022\\\/02\\\/logo-bonvin.png\",\"contentUrl\":\"https:\\\/\\\/bonvin1858.ch\\\/wp-content\\\/uploads\\\/2022\\\/02\\\/logo-bonvin.png\",\"width\":1637,\"height\":468,\"caption\":\"Charles Bonvin 1858\"},\"image\":{\"@id\":\"https:\\\/\\\/bonvin1858.ch\\\/en\\\/#\\\/schema\\\/logo\\\/image\\\/\"},\"sameAs\":[\"https:\\\/\\\/www.facebook.com\\\/lescelliersdesion\",\"https:\\\/\\\/www.instagram.com\\\/lescelliersdesion\",\"https:\\\/\\\/www.linkedin.com\\\/company\\\/celliers-de-sion\\\/\"]}]}<\/script>\n<!-- \/ Yoast SEO plugin. -->","yoast_head_json":{"title":"The gu\u00e9rites - Charles Bonvin 1858","robots":{"index":"index","follow":"follow","max-snippet":"max-snippet:-1","max-image-preview":"max-image-preview:large","max-video-preview":"max-video-preview:-1"},"canonical":"https:\/\/bonvin1858.ch\/en\/the-guerites\/","og_locale":"en_US","og_type":"article","og_title":"The gu\u00e9rites - Charles Bonvin 1858","og_description":"Shared pleasures at the Mazots du Clos du Ch\u00e2teau.Formerly shelters and storehouses reserved for our winegrowers, the Mazots du Clos du Ch\u00e2teau have been opened to the public for more than a decade. They offer an exceptional and private welcome area for people wishing to discover the wines of the domains of the Maison Bonvin [&hellip;]","og_url":"https:\/\/bonvin1858.ch\/en\/the-guerites\/","og_site_name":"Charles Bonvin 1858","article_publisher":"https:\/\/www.facebook.com\/lescelliersdesion","article_modified_time":"2025-04-10T19:16:31+00:00","og_image":[{"width":1637,"height":468,"url":"https:\/\/bonvin1858.ch\/wp-content\/uploads\/2022\/01\/logo-bonvin.png","type":"image\/png"}],"twitter_card":"summary_large_image","twitter_misc":{"Est. reading time":"5 minutes"},"schema":{"@context":"https:\/\/schema.org","@graph":[{"@type":"WebPage","@id":"https:\/\/bonvin1858.ch\/en\/the-guerites\/","url":"https:\/\/bonvin1858.ch\/en\/the-guerites\/","name":"The gu\u00e9rites - Charles Bonvin 1858","isPartOf":{"@id":"https:\/\/bonvin1858.ch\/en\/#website"},"datePublished":"2022-02-18T10:31:48+00:00","dateModified":"2025-04-10T19:16:31+00:00","breadcrumb":{"@id":"https:\/\/bonvin1858.ch\/en\/the-guerites\/#breadcrumb"},"inLanguage":"en-US","potentialAction":[{"@type":"ReadAction","target":["https:\/\/bonvin1858.ch\/en\/the-guerites\/"]}]},{"@type":"BreadcrumbList","@id":"https:\/\/bonvin1858.ch\/en\/the-guerites\/#breadcrumb","itemListElement":[{"@type":"ListItem","position":1,"name":"Accueil","item":"https:\/\/bonvin1858.ch\/en\/home\/"},{"@type":"ListItem","position":2,"name":"The gu\u00e9rites"}]},{"@type":"WebSite","@id":"https:\/\/bonvin1858.ch\/en\/#website","url":"https:\/\/bonvin1858.ch\/en\/","name":"Charles Bonvin 1858","description":"","publisher":{"@id":"https:\/\/bonvin1858.ch\/en\/#organization"},"potentialAction":[{"@type":"SearchAction","target":{"@type":"EntryPoint","urlTemplate":"https:\/\/bonvin1858.ch\/en\/?s={search_term_string}"},"query-input":{"@type":"PropertyValueSpecification","valueRequired":true,"valueName":"search_term_string"}}],"inLanguage":"en-US"},{"@type":"Organization","@id":"https:\/\/bonvin1858.ch\/en\/#organization","name":"Charles Bonvin 1858","url":"https:\/\/bonvin1858.ch\/en\/","logo":{"@type":"ImageObject","inLanguage":"en-US","@id":"https:\/\/bonvin1858.ch\/en\/#\/schema\/logo\/image\/","url":"https:\/\/bonvin1858.ch\/wp-content\/uploads\/2022\/02\/logo-bonvin.png","contentUrl":"https:\/\/bonvin1858.ch\/wp-content\/uploads\/2022\/02\/logo-bonvin.png","width":1637,"height":468,"caption":"Charles Bonvin 1858"},"image":{"@id":"https:\/\/bonvin1858.ch\/en\/#\/schema\/logo\/image\/"},"sameAs":["https:\/\/www.facebook.com\/lescelliersdesion","https:\/\/www.instagram.com\/lescelliersdesion","https:\/\/www.linkedin.com\/company\/celliers-de-sion\/"]}]}},"_links":{"self":[{"href":"https:\/\/bonvin1858.ch\/en\/wp-json\/wp\/v2\/pages\/1720","targetHints":{"allow":["GET"]}}],"collection":[{"href":"https:\/\/bonvin1858.ch\/en\/wp-json\/wp\/v2\/pages"}],"about":[{"href":"https:\/\/bonvin1858.ch\/en\/wp-json\/wp\/v2\/types\/page"}],"author":[{"embeddable":true,"href":"https:\/\/bonvin1858.ch\/en\/wp-json\/wp\/v2\/users\/4"}],"replies":[{"embeddable":true,"href":"https:\/\/bonvin1858.ch\/en\/wp-json\/wp\/v2\/comments?post=1720"}],"version-history":[{"count":5,"href":"https:\/\/bonvin1858.ch\/en\/wp-json\/wp\/v2\/pages\/1720\/revisions"}],"predecessor-version":[{"id":2695,"href":"https:\/\/bonvin1858.ch\/en\/wp-json\/wp\/v2\/pages\/1720\/revisions\/2695"}],"wp:attachment":[{"href":"https:\/\/bonvin1858.ch\/en\/wp-json\/wp\/v2\/media?parent=1720"}],"wp:term":[{"taxonomy":"dipi_cpt_category","embeddable":true,"href":"https:\/\/bonvin1858.ch\/en\/wp-json\/wp\/v2\/dipi_cpt_category?post=1720"}],"curies":[{"name":"wp","href":"https:\/\/api.w.org\/{rel}","templated":true}]}}