{"id":1711,"date":"2022-02-18T10:21:41","date_gmt":"2022-02-18T10:21:41","guid":{"rendered":"https:\/\/bonvin-dev.ch\/the-domaines\/"},"modified":"2022-02-18T10:21:44","modified_gmt":"2022-02-18T10:21:44","slug":"the-domaines","status":"publish","type":"page","link":"https:\/\/bonvin1858.ch\/en\/the-domaines\/","title":{"rendered":"The domaines"},"content":{"rendered":"<p>[et_pb_section fb_built=&#8221;1&#8243; _builder_version=&#8221;4.14.7&#8243; _module_preset=&#8221;default&#8221; custom_margin=&#8221;|||300px|false|false&#8221; custom_margin_tablet=&#8221;|||0px|false|false&#8221; custom_margin_phone=&#8221;|||0px|false|false&#8221; custom_margin_last_edited=&#8221;on|tablet&#8221; custom_padding=&#8221;0px||||false|false&#8221; global_colors_info=&#8221;{}&#8221;][et_pb_row _builder_version=&#8221;4.14.2&#8243; _module_preset=&#8221;default&#8221; width=&#8221;100%&#8221; max_width=&#8221;100%&#8221; custom_margin=&#8221;|0px|||false|false&#8221; custom_padding=&#8221;0px|||||&#8221; global_colors_info=&#8221;{}&#8221;][et_pb_column type=&#8221;4_4&#8243; _builder_version=&#8221;4.14.2&#8243; _module_preset=&#8221;default&#8221; global_colors_info=&#8221;{}&#8221;][et_pb_image src=&#8221;https:\/\/bonvin1858.ch\/wp-content\/uploads\/2022\/02\/Grande-image-domaines.jpg&#8221; title_text=&#8221;Grande-image-domaines&#8221; align=&#8221;center&#8221; force_fullwidth=&#8221;on&#8221; _builder_version=&#8221;4.14.7&#8243; _module_preset=&#8221;default&#8221; global_colors_info=&#8221;{}&#8221;][\/et_pb_image][\/et_pb_column][\/et_pb_row][et_pb_row _builder_version=&#8221;4.14.2&#8243; _module_preset=&#8221;default&#8221; global_colors_info=&#8221;{}&#8221;][et_pb_column type=&#8221;4_4&#8243; _builder_version=&#8221;4.14.2&#8243; _module_preset=&#8221;default&#8221; global_colors_info=&#8221;{}&#8221;][et_pb_text _builder_version=&#8221;4.14.7&#8243; _module_preset=&#8221;default&#8221; header_2_text_align=&#8221;center&#8221; global_colors_info=&#8221;{}&#8221;]<\/p>\n<h2>The domaines<\/h2>\n<p>[\/et_pb_text][\/et_pb_column][\/et_pb_row][et_pb_row column_structure=&#8221;3_5,2_5&#8243; use_custom_gutter=&#8221;on&#8221; gutter_width=&#8221;4&#8243; _builder_version=&#8221;4.14.2&#8243; _module_preset=&#8221;default&#8221; global_colors_info=&#8221;{}&#8221;][et_pb_column type=&#8221;3_5&#8243; _builder_version=&#8221;4.14.2&#8243; _module_preset=&#8221;default&#8221; global_colors_info=&#8221;{}&#8221;][et_pb_text _builder_version=&#8221;4.14.7&#8243; _module_preset=&#8221;default&#8221; custom_margin=&#8221;||||false|false&#8221; hover_enabled=&#8221;0&#8243; global_colors_info=&#8221;{}&#8221; sticky_enabled=&#8221;0&#8243;]<\/p>\n<p>Relying on enterprising builders, the Bonvin family undertook great efforts forming its steep vineyards into superb domaines, patiently establishing a prestigious wine-growing heritage on the best slope of the Rhone valley<\/p>\n<p>Charles Bonvin focused on values such as diversity of terroirs and authenticity of his wines. These are marketed under the name of their domaine: Br\u00fblefer, Clos du Ch\u00e2teau, Terra Cotta, Ch\u00e2teau Conthey, Plan Loggier, Mont Fleuri.<\/p>\n<p>We cultivate a whole range of native grape varieties: Petite Arvine, Amigne or Humagne, Cornalin and varieties of global renown, such as Marsanne or Syrah, which are also perfectly accustomed to the terraced vineyards of the Rhone valley.<\/p>\n<p>Master winegrowers treat the vines according integrated production guidelines, respecting the environment.<\/p>\n<p>We invite you to come and discover this maison firmly rooted in the Valais terroir, a symbol of a heroic viticulture that has created vineyards hanging in the clouds. Over the whole 160 years of existence, the Maison has never stopped to develop. From viticulture to sales to oenotourism; a maison full of surprises\u2026 But its identity remains linked to an exceptional heritage. Just like the greatest vine producers in France, Bonvin 1858 established itself through the years thanks to the quality of its terroirs and the high reputation of its \u201cDomaine\u201d wines.<\/p>\n<p>A sign of this was the supreme distinction as \u201cWinery of the Year\u201d at the Grand Prix du Vin Suisse in 2014. A \u201cmaison du terroir\u201d producing wines of character awaits you!<\/p>\n<p>[\/et_pb_text][\/et_pb_column][et_pb_column type=&#8221;2_5&#8243; _builder_version=&#8221;4.14.2&#8243; _module_preset=&#8221;default&#8221; global_colors_info=&#8221;{}&#8221;][et_pb_text _builder_version=&#8221;4.14.7&#8243; _module_preset=&#8221;default&#8221; link_text_color=&#8221;#000000&#8243; hover_enabled=&#8221;0&#8243; global_colors_info=&#8221;{}&#8221; sticky_enabled=&#8221;0&#8243;]<\/p>\n<h3>Native grape varieties<\/h3>\n<p>Petite Arvine, Amigne or Humagne, Cornalin<\/p>\n<p>&nbsp;<\/p>\n<h3>Integrated production<\/h3>\n<p>&nbsp;<\/p>\n<h3>More than 160 years<\/h3>\n<p>&nbsp;<\/p>\n<h3>Quality of its terroir<\/h3>\n<p>&nbsp;<\/p>\n<h3>Swiss winery of the year in 2014<\/h3>\n<p>&nbsp;<\/p>\n<h3>\u00a0<\/h3>\n<p>[\/et_pb_text][\/et_pb_column][\/et_pb_row][\/et_pb_section][et_pb_section fb_built=&#8221;1&#8243; _builder_version=&#8221;4.14.7&#8243; _module_preset=&#8221;default&#8221; custom_margin=&#8221;|||300px|false|false&#8221; custom_margin_tablet=&#8221;|||0px|false|false&#8221; custom_margin_phone=&#8221;|||0px|false|false&#8221; custom_margin_last_edited=&#8221;on|tablet&#8221; custom_padding=&#8221;0px||0px||false|false&#8221; global_colors_info=&#8221;{}&#8221;][et_pb_row _builder_version=&#8221;4.14.7&#8243; _module_preset=&#8221;default&#8221; width=&#8221;100%&#8221; max_width=&#8221;100%&#8221; custom_margin=&#8221;|0px|||false|false&#8221; custom_padding=&#8221;0px||0px||false|false&#8221; global_colors_info=&#8221;{}&#8221;][et_pb_column type=&#8221;4_4&#8243; _builder_version=&#8221;4.14.2&#8243; _module_preset=&#8221;default&#8221; global_colors_info=&#8221;{}&#8221;][et_pb_image src=&#8221;https:\/\/bonvin1858.ch\/wp-content\/uploads\/2022\/02\/footer-Domaines-.jpg&#8221; title_text=&#8221;footer Domaines&#8221; align=&#8221;center&#8221; force_fullwidth=&#8221;on&#8221; _builder_version=&#8221;4.14.7&#8243; _module_preset=&#8221;default&#8221; global_colors_info=&#8221;{}&#8221;][\/et_pb_image][\/et_pb_column][\/et_pb_row][\/et_pb_section]<\/p>\n","protected":false},"excerpt":{"rendered":"<p>The domainesRelying on enterprising builders, the Bonvin family undertook great efforts forming its steep vineyards into superb domaines, patiently establishing a prestigious wine-growing heritage on the best slope of the Rhone valley Charles Bonvin focused on values such as diversity of terroirs and authenticity of his wines. These are marketed under the name of their [&hellip;]<\/p>\n","protected":false},"author":3,"featured_media":0,"parent":0,"menu_order":0,"comment_status":"closed","ping_status":"closed","template":"","meta":{"_et_pb_use_builder":"on","_et_pb_old_content":"","_et_gb_content_width":"","footnotes":""},"dipi_cpt_category":[],"class_list":["post-1711","page","type-page","status-publish","hentry"],"yoast_head":"<!-- This site is optimized with the Yoast SEO plugin v27.3 - https:\/\/yoast.com\/product\/yoast-seo-wordpress\/ -->\n<title>The domaines - Charles Bonvin 1858<\/title>\n<meta name=\"robots\" content=\"index, follow, max-snippet:-1, max-image-preview:large, max-video-preview:-1\" \/>\n<link rel=\"canonical\" href=\"https:\/\/bonvin1858.ch\/en\/the-domaines\/\" \/>\n<meta property=\"og:locale\" content=\"en_US\" \/>\n<meta property=\"og:type\" content=\"article\" \/>\n<meta property=\"og:title\" content=\"The domaines - Charles Bonvin 1858\" \/>\n<meta property=\"og:description\" content=\"The domainesRelying on enterprising builders, the Bonvin family undertook great efforts forming its steep vineyards into superb domaines, patiently establishing a prestigious wine-growing heritage on the best slope of the Rhone valley Charles Bonvin focused on values such as diversity of terroirs and authenticity of his wines. These are marketed under the name of their [&hellip;]\" \/>\n<meta property=\"og:url\" content=\"https:\/\/bonvin1858.ch\/en\/the-domaines\/\" \/>\n<meta property=\"og:site_name\" content=\"Charles Bonvin 1858\" \/>\n<meta property=\"article:publisher\" content=\"https:\/\/www.facebook.com\/lescelliersdesion\" \/>\n<meta property=\"article:modified_time\" content=\"2022-02-18T10:21:44+00:00\" \/>\n<meta property=\"og:image\" content=\"https:\/\/bonvin1858.ch\/wp-content\/uploads\/2022\/01\/logo-bonvin.png\" \/>\n\t<meta property=\"og:image:width\" content=\"1637\" \/>\n\t<meta property=\"og:image:height\" content=\"468\" \/>\n\t<meta property=\"og:image:type\" content=\"image\/png\" \/>\n<meta name=\"twitter:card\" content=\"summary_large_image\" \/>\n<meta name=\"twitter:label1\" content=\"Est. reading time\" \/>\n\t<meta name=\"twitter:data1\" content=\"3 minutes\" \/>\n<script type=\"application\/ld+json\" class=\"yoast-schema-graph\">{\"@context\":\"https:\\\/\\\/schema.org\",\"@graph\":[{\"@type\":\"WebPage\",\"@id\":\"https:\\\/\\\/bonvin1858.ch\\\/en\\\/the-domaines\\\/\",\"url\":\"https:\\\/\\\/bonvin1858.ch\\\/en\\\/the-domaines\\\/\",\"name\":\"The domaines - Charles Bonvin 1858\",\"isPartOf\":{\"@id\":\"https:\\\/\\\/bonvin1858.ch\\\/en\\\/#website\"},\"datePublished\":\"2022-02-18T10:21:41+00:00\",\"dateModified\":\"2022-02-18T10:21:44+00:00\",\"breadcrumb\":{\"@id\":\"https:\\\/\\\/bonvin1858.ch\\\/en\\\/the-domaines\\\/#breadcrumb\"},\"inLanguage\":\"en-US\",\"potentialAction\":[{\"@type\":\"ReadAction\",\"target\":[\"https:\\\/\\\/bonvin1858.ch\\\/en\\\/the-domaines\\\/\"]}]},{\"@type\":\"BreadcrumbList\",\"@id\":\"https:\\\/\\\/bonvin1858.ch\\\/en\\\/the-domaines\\\/#breadcrumb\",\"itemListElement\":[{\"@type\":\"ListItem\",\"position\":1,\"name\":\"Accueil\",\"item\":\"https:\\\/\\\/bonvin1858.ch\\\/en\\\/home\\\/\"},{\"@type\":\"ListItem\",\"position\":2,\"name\":\"The domaines\"}]},{\"@type\":\"WebSite\",\"@id\":\"https:\\\/\\\/bonvin1858.ch\\\/en\\\/#website\",\"url\":\"https:\\\/\\\/bonvin1858.ch\\\/en\\\/\",\"name\":\"Charles Bonvin 1858\",\"description\":\"\",\"publisher\":{\"@id\":\"https:\\\/\\\/bonvin1858.ch\\\/en\\\/#organization\"},\"potentialAction\":[{\"@type\":\"SearchAction\",\"target\":{\"@type\":\"EntryPoint\",\"urlTemplate\":\"https:\\\/\\\/bonvin1858.ch\\\/en\\\/?s={search_term_string}\"},\"query-input\":{\"@type\":\"PropertyValueSpecification\",\"valueRequired\":true,\"valueName\":\"search_term_string\"}}],\"inLanguage\":\"en-US\"},{\"@type\":\"Organization\",\"@id\":\"https:\\\/\\\/bonvin1858.ch\\\/en\\\/#organization\",\"name\":\"Charles Bonvin 1858\",\"url\":\"https:\\\/\\\/bonvin1858.ch\\\/en\\\/\",\"logo\":{\"@type\":\"ImageObject\",\"inLanguage\":\"en-US\",\"@id\":\"https:\\\/\\\/bonvin1858.ch\\\/en\\\/#\\\/schema\\\/logo\\\/image\\\/\",\"url\":\"https:\\\/\\\/bonvin1858.ch\\\/wp-content\\\/uploads\\\/2022\\\/02\\\/logo-bonvin.png\",\"contentUrl\":\"https:\\\/\\\/bonvin1858.ch\\\/wp-content\\\/uploads\\\/2022\\\/02\\\/logo-bonvin.png\",\"width\":1637,\"height\":468,\"caption\":\"Charles Bonvin 1858\"},\"image\":{\"@id\":\"https:\\\/\\\/bonvin1858.ch\\\/en\\\/#\\\/schema\\\/logo\\\/image\\\/\"},\"sameAs\":[\"https:\\\/\\\/www.facebook.com\\\/lescelliersdesion\",\"https:\\\/\\\/www.instagram.com\\\/lescelliersdesion\",\"https:\\\/\\\/www.linkedin.com\\\/company\\\/celliers-de-sion\\\/\"]}]}<\/script>\n<!-- \/ Yoast SEO plugin. -->","yoast_head_json":{"title":"The domaines - Charles Bonvin 1858","robots":{"index":"index","follow":"follow","max-snippet":"max-snippet:-1","max-image-preview":"max-image-preview:large","max-video-preview":"max-video-preview:-1"},"canonical":"https:\/\/bonvin1858.ch\/en\/the-domaines\/","og_locale":"en_US","og_type":"article","og_title":"The domaines - Charles Bonvin 1858","og_description":"The domainesRelying on enterprising builders, the Bonvin family undertook great efforts forming its steep vineyards into superb domaines, patiently establishing a prestigious wine-growing heritage on the best slope of the Rhone valley Charles Bonvin focused on values such as diversity of terroirs and authenticity of his wines. These are marketed under the name of their [&hellip;]","og_url":"https:\/\/bonvin1858.ch\/en\/the-domaines\/","og_site_name":"Charles Bonvin 1858","article_publisher":"https:\/\/www.facebook.com\/lescelliersdesion","article_modified_time":"2022-02-18T10:21:44+00:00","og_image":[{"width":1637,"height":468,"url":"https:\/\/bonvin1858.ch\/wp-content\/uploads\/2022\/01\/logo-bonvin.png","type":"image\/png"}],"twitter_card":"summary_large_image","twitter_misc":{"Est. reading time":"3 minutes"},"schema":{"@context":"https:\/\/schema.org","@graph":[{"@type":"WebPage","@id":"https:\/\/bonvin1858.ch\/en\/the-domaines\/","url":"https:\/\/bonvin1858.ch\/en\/the-domaines\/","name":"The domaines - Charles Bonvin 1858","isPartOf":{"@id":"https:\/\/bonvin1858.ch\/en\/#website"},"datePublished":"2022-02-18T10:21:41+00:00","dateModified":"2022-02-18T10:21:44+00:00","breadcrumb":{"@id":"https:\/\/bonvin1858.ch\/en\/the-domaines\/#breadcrumb"},"inLanguage":"en-US","potentialAction":[{"@type":"ReadAction","target":["https:\/\/bonvin1858.ch\/en\/the-domaines\/"]}]},{"@type":"BreadcrumbList","@id":"https:\/\/bonvin1858.ch\/en\/the-domaines\/#breadcrumb","itemListElement":[{"@type":"ListItem","position":1,"name":"Accueil","item":"https:\/\/bonvin1858.ch\/en\/home\/"},{"@type":"ListItem","position":2,"name":"The domaines"}]},{"@type":"WebSite","@id":"https:\/\/bonvin1858.ch\/en\/#website","url":"https:\/\/bonvin1858.ch\/en\/","name":"Charles Bonvin 1858","description":"","publisher":{"@id":"https:\/\/bonvin1858.ch\/en\/#organization"},"potentialAction":[{"@type":"SearchAction","target":{"@type":"EntryPoint","urlTemplate":"https:\/\/bonvin1858.ch\/en\/?s={search_term_string}"},"query-input":{"@type":"PropertyValueSpecification","valueRequired":true,"valueName":"search_term_string"}}],"inLanguage":"en-US"},{"@type":"Organization","@id":"https:\/\/bonvin1858.ch\/en\/#organization","name":"Charles Bonvin 1858","url":"https:\/\/bonvin1858.ch\/en\/","logo":{"@type":"ImageObject","inLanguage":"en-US","@id":"https:\/\/bonvin1858.ch\/en\/#\/schema\/logo\/image\/","url":"https:\/\/bonvin1858.ch\/wp-content\/uploads\/2022\/02\/logo-bonvin.png","contentUrl":"https:\/\/bonvin1858.ch\/wp-content\/uploads\/2022\/02\/logo-bonvin.png","width":1637,"height":468,"caption":"Charles Bonvin 1858"},"image":{"@id":"https:\/\/bonvin1858.ch\/en\/#\/schema\/logo\/image\/"},"sameAs":["https:\/\/www.facebook.com\/lescelliersdesion","https:\/\/www.instagram.com\/lescelliersdesion","https:\/\/www.linkedin.com\/company\/celliers-de-sion\/"]}]}},"_links":{"self":[{"href":"https:\/\/bonvin1858.ch\/en\/wp-json\/wp\/v2\/pages\/1711","targetHints":{"allow":["GET"]}}],"collection":[{"href":"https:\/\/bonvin1858.ch\/en\/wp-json\/wp\/v2\/pages"}],"about":[{"href":"https:\/\/bonvin1858.ch\/en\/wp-json\/wp\/v2\/types\/page"}],"author":[{"embeddable":true,"href":"https:\/\/bonvin1858.ch\/en\/wp-json\/wp\/v2\/users\/3"}],"replies":[{"embeddable":true,"href":"https:\/\/bonvin1858.ch\/en\/wp-json\/wp\/v2\/comments?post=1711"}],"version-history":[{"count":5,"href":"https:\/\/bonvin1858.ch\/en\/wp-json\/wp\/v2\/pages\/1711\/revisions"}],"predecessor-version":[{"id":1719,"href":"https:\/\/bonvin1858.ch\/en\/wp-json\/wp\/v2\/pages\/1711\/revisions\/1719"}],"wp:attachment":[{"href":"https:\/\/bonvin1858.ch\/en\/wp-json\/wp\/v2\/media?parent=1711"}],"wp:term":[{"taxonomy":"dipi_cpt_category","embeddable":true,"href":"https:\/\/bonvin1858.ch\/en\/wp-json\/wp\/v2\/dipi_cpt_category?post=1711"}],"curies":[{"name":"wp","href":"https:\/\/api.w.org\/{rel}","templated":true}]}}