{"id":1904,"date":"2022-03-07T09:57:59","date_gmt":"2022-03-07T09:57:59","guid":{"rendered":"https:\/\/bonvin-dev.ch\/1858-society\/"},"modified":"2022-03-07T09:58:03","modified_gmt":"2022-03-07T09:58:03","slug":"1858-society","status":"publish","type":"page","link":"https:\/\/bonvin1858.ch\/de\/1858-society\/","title":{"rendered":"1858 Society"},"content":{"rendered":"<p>[et_pb_section fb_built=&#8220;1&#8243; _builder_version=&#8220;4.14.7&#8243; _module_preset=&#8220;default&#8220; custom_margin=&#8220;|||300px|false|false&#8220; custom_margin_tablet=&#8220;|||0px|false|false&#8220; custom_margin_phone=&#8220;|||0px|false|false&#8220; custom_margin_last_edited=&#8220;on|tablet&#8220; custom_padding=&#8220;0px||0px||false|false&#8220; global_colors_info=&#8220;{}&#8220;][et_pb_row _builder_version=&#8220;4.14.2&#8243; _module_preset=&#8220;default&#8220; width=&#8220;100%&#8220; max_width=&#8220;100%&#8220; custom_margin=&#8220;|0px|||false|false&#8220; custom_padding=&#8220;0px|||||&#8220; global_colors_info=&#8220;{}&#8220;][et_pb_column type=&#8220;4_4&#8243; _builder_version=&#8220;4.14.2&#8243; _module_preset=&#8220;default&#8220; global_colors_info=&#8220;{}&#8220;][et_pb_image src=&#8220;https:\/\/bonvin1858.ch\/wp-content\/uploads\/2022\/02\/Grande-image-1858.jpg&#8220; title_text=&#8220;Grande-image-1858&#8243; align=&#8220;center&#8220; force_fullwidth=&#8220;on&#8220; _builder_version=&#8220;4.14.7&#8243; _module_preset=&#8220;default&#8220; global_colors_info=&#8220;{}&#8220;][\/et_pb_image][\/et_pb_column][\/et_pb_row][et_pb_row _builder_version=&#8220;4.14.2&#8243; _module_preset=&#8220;default&#8220; global_colors_info=&#8220;{}&#8220;][et_pb_column type=&#8220;4_4&#8243; _builder_version=&#8220;4.14.2&#8243; _module_preset=&#8220;default&#8220; global_colors_info=&#8220;{}&#8220;][et_pb_text _builder_version=&#8220;4.14.7&#8243; _module_preset=&#8220;default&#8220; header_2_text_align=&#8220;center&#8220; header_2_font_size_tablet=&#8220;&#8220; header_2_font_size_phone=&#8220;24px&#8220; header_2_font_size_last_edited=&#8220;on|desktop&#8220; global_colors_info=&#8220;{}&#8220;]<\/p>\n<h2>1858 Society<\/h2>\n<p>[\/et_pb_text][\/et_pb_column][\/et_pb_row][et_pb_row column_structure=&#8220;3_5,2_5&#8243; _builder_version=&#8220;4.14.2&#8243; _module_preset=&#8220;default&#8220; global_colors_info=&#8220;{}&#8220;][et_pb_column type=&#8220;3_5&#8243; _builder_version=&#8220;4.14.2&#8243; _module_preset=&#8220;default&#8220; global_colors_info=&#8220;{}&#8220;][et_pb_text _builder_version=&#8220;4.14.7&#8243; _module_preset=&#8220;default&#8220; custom_margin=&#8220;||||false|false&#8220; global_colors_info=&#8220;{}&#8220;]<\/p>\n<p>Gern laden wir Sie ein, mit Hilfe der App 1858 Society, der exklusiven Gemeinschaft von Liebhabern der Cuv\u00e9es 1858 Rouge und Blanc beizutreten.<\/p>\n<p>Erwerben Sie die Cuv\u00e9e 1858 des Jahrgangs 2019 \u00fcber einen unserer Botschafter, um die Schl\u00fcssel zu Ihrem virtuellen Weinkeller zu erhalten.<\/p>\n<p>Ihrerseits k\u00f6nnen Sie den Freunden Ihres Netzwerkes die Cuv\u00e9es 1858 zu einem Vorzugspreis vorstellen, ein Privileg, das nur unseren Mitgliedern vorbehalten ist.<\/p>\n<p>Nehmen Sie an Diskussionen, Herausforderungen und Veranstaltungen mit anderen Mitgliedern teil, um \u00dcberraschungsgeschenke zu erhalten und von exklusiven Angeboten zu profitieren.<\/p>\n<p>Freaks unserer erstklassigen Weine Cuv\u00e9e 1858 Rouge und Blanc profitieren von besonderen Vorteilen.<\/p>\n<p>[\/et_pb_text][\/et_pb_column][et_pb_column type=&#8220;2_5&#8243; _builder_version=&#8220;4.14.7&#8243; _module_preset=&#8220;default&#8220; global_colors_info=&#8220;{}&#8220;][et_pb_image src=&#8220;https:\/\/bonvin1858.ch\/wp-content\/uploads\/2022\/02\/Telephone-1858-Society-141&#215;300.png&#8220; title_text=&#8220;T\u00e9l\u00e9phone 1858 Society&#8220; url=&#8220;http:\/\/1858society.ch&#8220; _builder_version=&#8220;4.14.7&#8243; _module_preset=&#8220;default&#8220; global_colors_info=&#8220;{}&#8220;][\/et_pb_image][\/et_pb_column][\/et_pb_row][et_pb_row _builder_version=&#8220;4.14.7&#8243; _module_preset=&#8220;default&#8220; custom_padding=&#8220;||0px||false|false&#8220; global_colors_info=&#8220;{}&#8220;][et_pb_column type=&#8220;4_4&#8243; _builder_version=&#8220;4.14.7&#8243; _module_preset=&#8220;default&#8220; global_colors_info=&#8220;{}&#8220;][et_pb_button button_url=&#8220;http:\/\/1858society.ch&#8220; button_text=&#8220;Beitreten&#8220; _builder_version=&#8220;4.14.7&#8243; _module_preset=&#8220;default&#8220; hover_enabled=&#8220;0&#8243; global_colors_info=&#8220;{}&#8220; url_new_window=&#8220;on&#8220; sticky_enabled=&#8220;0&#8243;][\/et_pb_button][et_pb_image src=&#8220;https:\/\/bonvin1858.ch\/wp-content\/uploads\/2022\/02\/footer-1858.jpg&#8220; title_text=&#8220;footer 1858&#8243; _builder_version=&#8220;4.14.7&#8243; _module_preset=&#8220;default&#8220; global_colors_info=&#8220;{}&#8220;][\/et_pb_image][\/et_pb_column][\/et_pb_row][\/et_pb_section]<\/p>\n","protected":false},"excerpt":{"rendered":"<p>1858 SocietyGern laden wir Sie ein, mit Hilfe der App 1858 Society, der exklusiven Gemeinschaft von Liebhabern der Cuv\u00e9es 1858 Rouge und Blanc beizutreten. Erwerben Sie die Cuv\u00e9e 1858 des Jahrgangs 2019 \u00fcber einen unserer Botschafter, um die Schl\u00fcssel zu Ihrem virtuellen Weinkeller zu erhalten. Ihrerseits k\u00f6nnen Sie den Freunden Ihres Netzwerkes die Cuv\u00e9es 1858 [&hellip;]<\/p>\n","protected":false},"author":3,"featured_media":0,"parent":0,"menu_order":0,"comment_status":"closed","ping_status":"closed","template":"","meta":{"_et_pb_use_builder":"on","_et_pb_old_content":"","_et_gb_content_width":"","footnotes":""},"dipi_cpt_category":[],"class_list":["post-1904","page","type-page","status-publish","hentry"],"yoast_head":"<!-- This site is optimized with the Yoast SEO plugin v27.3 - https:\/\/yoast.com\/product\/yoast-seo-wordpress\/ -->\n<title>1858 Society - Charles Bonvin 1858<\/title>\n<meta name=\"robots\" content=\"index, follow, max-snippet:-1, max-image-preview:large, max-video-preview:-1\" \/>\n<link rel=\"canonical\" href=\"https:\/\/bonvin1858.ch\/de\/1858-society\/\" \/>\n<meta property=\"og:locale\" content=\"de_DE\" \/>\n<meta property=\"og:type\" content=\"article\" \/>\n<meta property=\"og:title\" content=\"1858 Society - Charles Bonvin 1858\" \/>\n<meta property=\"og:description\" content=\"1858 SocietyGern laden wir Sie ein, mit Hilfe der App 1858 Society, der exklusiven Gemeinschaft von Liebhabern der Cuv\u00e9es 1858 Rouge und Blanc beizutreten. Erwerben Sie die Cuv\u00e9e 1858 des Jahrgangs 2019 \u00fcber einen unserer Botschafter, um die Schl\u00fcssel zu Ihrem virtuellen Weinkeller zu erhalten. Ihrerseits k\u00f6nnen Sie den Freunden Ihres Netzwerkes die Cuv\u00e9es 1858 [&hellip;]\" \/>\n<meta property=\"og:url\" content=\"https:\/\/bonvin1858.ch\/de\/1858-society\/\" \/>\n<meta property=\"og:site_name\" content=\"Charles Bonvin 1858\" \/>\n<meta property=\"article:publisher\" content=\"https:\/\/www.facebook.com\/lescelliersdesion\" \/>\n<meta property=\"article:modified_time\" content=\"2022-03-07T09:58:03+00:00\" \/>\n<meta property=\"og:image\" content=\"https:\/\/bonvin1858.ch\/wp-content\/uploads\/2022\/01\/logo-bonvin.png\" \/>\n\t<meta property=\"og:image:width\" content=\"1637\" \/>\n\t<meta property=\"og:image:height\" content=\"468\" \/>\n\t<meta property=\"og:image:type\" content=\"image\/png\" \/>\n<meta name=\"twitter:card\" content=\"summary_large_image\" \/>\n<meta name=\"twitter:label1\" content=\"Gesch\u00e4tzte Lesezeit\" \/>\n\t<meta name=\"twitter:data1\" content=\"2\u00a0Minuten\" \/>\n<script type=\"application\/ld+json\" class=\"yoast-schema-graph\">{\"@context\":\"https:\\\/\\\/schema.org\",\"@graph\":[{\"@type\":\"WebPage\",\"@id\":\"https:\\\/\\\/bonvin1858.ch\\\/de\\\/1858-society\\\/\",\"url\":\"https:\\\/\\\/bonvin1858.ch\\\/de\\\/1858-society\\\/\",\"name\":\"1858 Society - Charles Bonvin 1858\",\"isPartOf\":{\"@id\":\"https:\\\/\\\/bonvin1858.ch\\\/de\\\/#website\"},\"datePublished\":\"2022-03-07T09:57:59+00:00\",\"dateModified\":\"2022-03-07T09:58:03+00:00\",\"breadcrumb\":{\"@id\":\"https:\\\/\\\/bonvin1858.ch\\\/de\\\/1858-society\\\/#breadcrumb\"},\"inLanguage\":\"de\",\"potentialAction\":[{\"@type\":\"ReadAction\",\"target\":[\"https:\\\/\\\/bonvin1858.ch\\\/de\\\/1858-society\\\/\"]}]},{\"@type\":\"BreadcrumbList\",\"@id\":\"https:\\\/\\\/bonvin1858.ch\\\/de\\\/1858-society\\\/#breadcrumb\",\"itemListElement\":[{\"@type\":\"ListItem\",\"position\":1,\"name\":\"Accueil\",\"item\":\"https:\\\/\\\/bonvin1858.ch\\\/de\\\/\"},{\"@type\":\"ListItem\",\"position\":2,\"name\":\"1858 Society\"}]},{\"@type\":\"WebSite\",\"@id\":\"https:\\\/\\\/bonvin1858.ch\\\/de\\\/#website\",\"url\":\"https:\\\/\\\/bonvin1858.ch\\\/de\\\/\",\"name\":\"Charles Bonvin 1858\",\"description\":\"\",\"publisher\":{\"@id\":\"https:\\\/\\\/bonvin1858.ch\\\/de\\\/#organization\"},\"potentialAction\":[{\"@type\":\"SearchAction\",\"target\":{\"@type\":\"EntryPoint\",\"urlTemplate\":\"https:\\\/\\\/bonvin1858.ch\\\/de\\\/?s={search_term_string}\"},\"query-input\":{\"@type\":\"PropertyValueSpecification\",\"valueRequired\":true,\"valueName\":\"search_term_string\"}}],\"inLanguage\":\"de\"},{\"@type\":\"Organization\",\"@id\":\"https:\\\/\\\/bonvin1858.ch\\\/de\\\/#organization\",\"name\":\"Charles Bonvin 1858\",\"url\":\"https:\\\/\\\/bonvin1858.ch\\\/de\\\/\",\"logo\":{\"@type\":\"ImageObject\",\"inLanguage\":\"de\",\"@id\":\"https:\\\/\\\/bonvin1858.ch\\\/de\\\/#\\\/schema\\\/logo\\\/image\\\/\",\"url\":\"https:\\\/\\\/bonvin1858.ch\\\/wp-content\\\/uploads\\\/2022\\\/02\\\/logo-bonvin.png\",\"contentUrl\":\"https:\\\/\\\/bonvin1858.ch\\\/wp-content\\\/uploads\\\/2022\\\/02\\\/logo-bonvin.png\",\"width\":1637,\"height\":468,\"caption\":\"Charles Bonvin 1858\"},\"image\":{\"@id\":\"https:\\\/\\\/bonvin1858.ch\\\/de\\\/#\\\/schema\\\/logo\\\/image\\\/\"},\"sameAs\":[\"https:\\\/\\\/www.facebook.com\\\/lescelliersdesion\",\"https:\\\/\\\/www.instagram.com\\\/lescelliersdesion\",\"https:\\\/\\\/www.linkedin.com\\\/company\\\/celliers-de-sion\\\/\"]}]}<\/script>\n<!-- \/ Yoast SEO plugin. -->","yoast_head_json":{"title":"1858 Society - Charles Bonvin 1858","robots":{"index":"index","follow":"follow","max-snippet":"max-snippet:-1","max-image-preview":"max-image-preview:large","max-video-preview":"max-video-preview:-1"},"canonical":"https:\/\/bonvin1858.ch\/de\/1858-society\/","og_locale":"de_DE","og_type":"article","og_title":"1858 Society - Charles Bonvin 1858","og_description":"1858 SocietyGern laden wir Sie ein, mit Hilfe der App 1858 Society, der exklusiven Gemeinschaft von Liebhabern der Cuv\u00e9es 1858 Rouge und Blanc beizutreten. Erwerben Sie die Cuv\u00e9e 1858 des Jahrgangs 2019 \u00fcber einen unserer Botschafter, um die Schl\u00fcssel zu Ihrem virtuellen Weinkeller zu erhalten. Ihrerseits k\u00f6nnen Sie den Freunden Ihres Netzwerkes die Cuv\u00e9es 1858 [&hellip;]","og_url":"https:\/\/bonvin1858.ch\/de\/1858-society\/","og_site_name":"Charles Bonvin 1858","article_publisher":"https:\/\/www.facebook.com\/lescelliersdesion","article_modified_time":"2022-03-07T09:58:03+00:00","og_image":[{"width":1637,"height":468,"url":"https:\/\/bonvin1858.ch\/wp-content\/uploads\/2022\/01\/logo-bonvin.png","type":"image\/png"}],"twitter_card":"summary_large_image","twitter_misc":{"Gesch\u00e4tzte Lesezeit":"2\u00a0Minuten"},"schema":{"@context":"https:\/\/schema.org","@graph":[{"@type":"WebPage","@id":"https:\/\/bonvin1858.ch\/de\/1858-society\/","url":"https:\/\/bonvin1858.ch\/de\/1858-society\/","name":"1858 Society - Charles Bonvin 1858","isPartOf":{"@id":"https:\/\/bonvin1858.ch\/de\/#website"},"datePublished":"2022-03-07T09:57:59+00:00","dateModified":"2022-03-07T09:58:03+00:00","breadcrumb":{"@id":"https:\/\/bonvin1858.ch\/de\/1858-society\/#breadcrumb"},"inLanguage":"de","potentialAction":[{"@type":"ReadAction","target":["https:\/\/bonvin1858.ch\/de\/1858-society\/"]}]},{"@type":"BreadcrumbList","@id":"https:\/\/bonvin1858.ch\/de\/1858-society\/#breadcrumb","itemListElement":[{"@type":"ListItem","position":1,"name":"Accueil","item":"https:\/\/bonvin1858.ch\/de\/"},{"@type":"ListItem","position":2,"name":"1858 Society"}]},{"@type":"WebSite","@id":"https:\/\/bonvin1858.ch\/de\/#website","url":"https:\/\/bonvin1858.ch\/de\/","name":"Charles Bonvin 1858","description":"","publisher":{"@id":"https:\/\/bonvin1858.ch\/de\/#organization"},"potentialAction":[{"@type":"SearchAction","target":{"@type":"EntryPoint","urlTemplate":"https:\/\/bonvin1858.ch\/de\/?s={search_term_string}"},"query-input":{"@type":"PropertyValueSpecification","valueRequired":true,"valueName":"search_term_string"}}],"inLanguage":"de"},{"@type":"Organization","@id":"https:\/\/bonvin1858.ch\/de\/#organization","name":"Charles Bonvin 1858","url":"https:\/\/bonvin1858.ch\/de\/","logo":{"@type":"ImageObject","inLanguage":"de","@id":"https:\/\/bonvin1858.ch\/de\/#\/schema\/logo\/image\/","url":"https:\/\/bonvin1858.ch\/wp-content\/uploads\/2022\/02\/logo-bonvin.png","contentUrl":"https:\/\/bonvin1858.ch\/wp-content\/uploads\/2022\/02\/logo-bonvin.png","width":1637,"height":468,"caption":"Charles Bonvin 1858"},"image":{"@id":"https:\/\/bonvin1858.ch\/de\/#\/schema\/logo\/image\/"},"sameAs":["https:\/\/www.facebook.com\/lescelliersdesion","https:\/\/www.instagram.com\/lescelliersdesion","https:\/\/www.linkedin.com\/company\/celliers-de-sion\/"]}]}},"_links":{"self":[{"href":"https:\/\/bonvin1858.ch\/de\/wp-json\/wp\/v2\/pages\/1904","targetHints":{"allow":["GET"]}}],"collection":[{"href":"https:\/\/bonvin1858.ch\/de\/wp-json\/wp\/v2\/pages"}],"about":[{"href":"https:\/\/bonvin1858.ch\/de\/wp-json\/wp\/v2\/types\/page"}],"author":[{"embeddable":true,"href":"https:\/\/bonvin1858.ch\/de\/wp-json\/wp\/v2\/users\/3"}],"replies":[{"embeddable":true,"href":"https:\/\/bonvin1858.ch\/de\/wp-json\/wp\/v2\/comments?post=1904"}],"version-history":[{"count":5,"href":"https:\/\/bonvin1858.ch\/de\/wp-json\/wp\/v2\/pages\/1904\/revisions"}],"predecessor-version":[{"id":1909,"href":"https:\/\/bonvin1858.ch\/de\/wp-json\/wp\/v2\/pages\/1904\/revisions\/1909"}],"wp:attachment":[{"href":"https:\/\/bonvin1858.ch\/de\/wp-json\/wp\/v2\/media?parent=1904"}],"wp:term":[{"taxonomy":"dipi_cpt_category","embeddable":true,"href":"https:\/\/bonvin1858.ch\/de\/wp-json\/wp\/v2\/dipi_cpt_category?post=1904"}],"curies":[{"name":"wp","href":"https:\/\/api.w.org\/{rel}","templated":true}]}}