{"id":1613,"date":"2022-02-15T15:27:42","date_gmt":"2022-02-15T15:27:42","guid":{"rendered":"https:\/\/bonvin-dev.ch\/die-rebhaeuschen\/"},"modified":"2025-04-10T19:18:44","modified_gmt":"2025-04-10T19:18:44","slug":"die-rebhaeuschen","status":"publish","type":"page","link":"https:\/\/bonvin1858.ch\/de\/die-rebhaeuschen\/","title":{"rendered":"Die Rebh\u00e4uschen"},"content":{"rendered":"<p>[et_pb_section fb_built=&#8220;1&#8243; _builder_version=&#8220;4.16&#8243; _module_preset=&#8220;default&#8220; custom_margin=&#8220;|||300px|false|false&#8220; custom_margin_tablet=&#8220;|||0px|false|false&#8220; custom_margin_phone=&#8220;|||0px|false|false&#8220; custom_margin_last_edited=&#8220;on|tablet&#8220; custom_padding=&#8220;0px|||||&#8220; global_colors_info=&#8220;{}&#8220;][et_pb_row _builder_version=&#8220;4.16&#8243; _module_preset=&#8220;default&#8220; width=&#8220;100%&#8220; max_width=&#8220;100%&#8220; custom_margin=&#8220;|0px|||false|false&#8220; custom_padding=&#8220;0px|||||&#8220; global_colors_info=&#8220;{}&#8220;][et_pb_column type=&#8220;4_4&#8243; _builder_version=&#8220;4.16&#8243; _module_preset=&#8220;default&#8220; global_colors_info=&#8220;{}&#8220;][et_pb_image src=&#8220;https:\/\/bonvin1858.ch\/wp-content\/uploads\/2022\/01\/img-guerites.jpg&#8220; title_text=&#8220;img-guerites&#8220; align=&#8220;center&#8220; force_fullwidth=&#8220;on&#8220; _builder_version=&#8220;4.16&#8243; _module_preset=&#8220;default&#8220; global_colors_info=&#8220;{}&#8220;][\/et_pb_image][\/et_pb_column][\/et_pb_row][et_pb_row _builder_version=&#8220;4.16&#8243; _module_preset=&#8220;default&#8220; global_colors_info=&#8220;{}&#8220;][et_pb_column type=&#8220;4_4&#8243; _builder_version=&#8220;4.16&#8243; _module_preset=&#8220;default&#8220; global_colors_info=&#8220;{}&#8220;][et_pb_text _builder_version=&#8220;4.16&#8243; _module_preset=&#8220;default&#8220; header_2_text_align=&#8220;center&#8220; global_colors_info=&#8220;{}&#8220;]<\/p>\n<h2>Geteiltes Vergn\u00fcgen im Mazot Clos du Ch\u00e2teau<\/h2>\n<p>[\/et_pb_text][\/et_pb_column][\/et_pb_row][et_pb_row column_structure=&#8220;3_5,2_5&#8243; use_custom_gutter=&#8220;on&#8220; gutter_width=&#8220;4&#8243; _builder_version=&#8220;4.16&#8243; _module_preset=&#8220;default&#8220; global_colors_info=&#8220;{}&#8220;][et_pb_column type=&#8220;3_5&#8243; _builder_version=&#8220;4.16&#8243; _module_preset=&#8220;default&#8220; global_colors_info=&#8220;{}&#8220;][et_pb_text _builder_version=&#8220;4.16&#8243; _module_preset=&#8220;default&#8220; custom_margin=&#8220;||||false|false&#8220; global_colors_info=&#8220;{}&#8220;]Diese Stadel, die fr\u00fcher den Winzern als Lagerraum und Unterschlupf dienten, sind nun f\u00fcr das Publikum ge\u00f6ffnet. Eine aussergew\u00f6hnliche Empfangsst\u00e4tte f\u00fcr Privatanl\u00e4sse, wo man die Weine direkt im Produktionsgebiet degustieren und kaufen kann.<\/p>\n<p>Die mitten in den Reben eingenistete Terrasse bietet einen grossartigen Ausblick auf die Burg Tourbillon und die schneebedeckten Berge des Val\u2019H\u00e9rens.<\/p>\n<p>Bitte teilen Sie uns mit, ob Sie Lebensmittelallergien und\/oder -unvertr\u00e4glichkeiten haben.[\/et_pb_text][et_pb_button button_url=&#8220;\/wp-content\/uploads\/2025\/04\/Menu-Clos-du-Chateau-DE-2.pdf&#8220; url_new_window=&#8220;on&#8220; button_text=&#8220;Men\u00fc herunterladen&#8220; _builder_version=&#8220;4.27.4&#8243; _module_preset=&#8220;default&#8220; hover_enabled=&#8220;0&#8243; global_colors_info=&#8220;{}&#8220; sticky_enabled=&#8220;0&#8243;][\/et_pb_button][\/et_pb_column][et_pb_column type=&#8220;2_5&#8243; _builder_version=&#8220;4.16&#8243; _module_preset=&#8220;default&#8220; global_colors_info=&#8220;{}&#8220;][et_pb_text _builder_version=&#8220;4.16&#8243; _module_preset=&#8220;default&#8220; link_text_color=&#8220;#000000&#8243; global_colors_info=&#8220;{}&#8220;]<\/p>\n<h5>INFORMATIONEN<\/h5>\n<p>30 Personen im Inneren<br \/>\n1 Schattenterrasse f\u00fcr 40 Personen<br \/>\nZufahrt per Auto<br \/>\nNur auf Reservierung ab 20 Personen ge\u00f6ffnet<br \/>\nBusparking bei der Kirche von Champlan<\/p>\n<p>Achtung : Bei schlechtem Wetter sind die Sitzpl\u00e4tze drinnen begrenzt und k\u00f6nnen nicht garantiert werden.<\/p>\n<h5>ADRESSE<\/h5>\n<p style=\"padding-bottom: 14px;\">Rue du Mont, Champlan\/Grimisuat<\/p>\n<h5>KONTAKT<\/h5>\n<p><a href=\"tel:+41272056525\">027 205 65 25<\/a><br \/>\n<a href=\" mailto:reservation=\">reservation@celliers.ch<\/a><\/p>\n<p>[\/et_pb_text][\/et_pb_column][\/et_pb_row][\/et_pb_section][et_pb_section fb_built=&#8220;1&#8243; _builder_version=&#8220;4.16&#8243; _module_preset=&#8220;default&#8220; custom_margin=&#8220;|||300px|false|false&#8220; custom_margin_tablet=&#8220;|||0px|false|false&#8220; custom_margin_phone=&#8220;|||0px|false|false&#8220; custom_margin_last_edited=&#8220;on|tablet&#8220; custom_padding=&#8220;0px||0px||false|false&#8220; global_colors_info=&#8220;{}&#8220;][et_pb_row _builder_version=&#8220;4.16&#8243; _module_preset=&#8220;default&#8220; width=&#8220;100%&#8220; max_width=&#8220;100%&#8220; custom_margin=&#8220;|0px|||false|false&#8220; custom_padding=&#8220;0px|||||&#8220; global_colors_info=&#8220;{}&#8220;][et_pb_column type=&#8220;4_4&#8243; _builder_version=&#8220;4.16&#8243; _module_preset=&#8220;default&#8220; global_colors_info=&#8220;{}&#8220;][et_pb_image src=&#8220;https:\/\/bonvin1858.ch\/wp-content\/uploads\/2022\/01\/img-guerites02.jpg&#8220; title_text=&#8220;img-guerites&#8220; align=&#8220;center&#8220; force_fullwidth=&#8220;on&#8220; _builder_version=&#8220;4.16&#8243; _module_preset=&#8220;default&#8220; global_colors_info=&#8220;{}&#8220;][\/et_pb_image][\/et_pb_column][\/et_pb_row][et_pb_row _builder_version=&#8220;4.16&#8243; _module_preset=&#8220;default&#8220; global_colors_info=&#8220;{}&#8220;][et_pb_column type=&#8220;4_4&#8243; _builder_version=&#8220;4.16&#8243; _module_preset=&#8220;default&#8220; global_colors_info=&#8220;{}&#8220;][et_pb_text _builder_version=&#8220;4.16&#8243; _module_preset=&#8220;default&#8220; header_2_text_align=&#8220;center&#8220; global_colors_info=&#8220;{}&#8220;]<\/p>\n<h2>Gesellige Momente im Rebh\u00e4uschen Br\u00fblefer<\/h2>\n<p>[\/et_pb_text][\/et_pb_column][\/et_pb_row][et_pb_row column_structure=&#8220;3_5,2_5&#8243; use_custom_gutter=&#8220;on&#8220; gutter_width=&#8220;4&#8243; _builder_version=&#8220;4.16&#8243; _module_preset=&#8220;default&#8220; global_colors_info=&#8220;{}&#8220;][et_pb_column type=&#8220;3_5&#8243; _builder_version=&#8220;4.16&#8243; _module_preset=&#8220;default&#8220; global_colors_info=&#8220;{}&#8220;][et_pb_text _builder_version=&#8220;4.16&#8243; _module_preset=&#8220;default&#8220; custom_margin=&#8220;||||false|false&#8220; global_colors_info=&#8220;{}&#8220;]<\/p>\n<p>In der m\u00e4rchenhaften Rastst\u00e4tte entlang der Suone von Clavau k\u00f6nnen Sie die Weine von Charles Bonvin entdecken und kulinarische Walliser Terroirspezialit\u00e4ten geniessen. Im Herzen des Weinberges von Sion geniesst der Besucher im Schatten der beiden Terrassen die Aussicht auf die Burg Tourbillon.<br \/>\nKommen Sie, vergessen Sie den Alltag und lassen Sie sich verzaubern von der Magie der Gu\u00e9rite de Br\u00fblefer\u2026<\/p>\n<p>Bitte teilen Sie uns mit, ob Sie Lebensmittelallergien und\/oder -unvertr\u00e4glichkeiten haben.<\/p>\n<p>[\/et_pb_text][et_pb_button button_url=&#8220;\/wp-content\/uploads\/2025\/04\/DE-Menu-Brulefer-2.pdf&#8220; url_new_window=&#8220;on&#8220; button_text=&#8220;Men\u00fc herunterladen&#8220; _builder_version=&#8220;4.27.4&#8243; _module_preset=&#8220;default&#8220; hover_enabled=&#8220;0&#8243; global_colors_info=&#8220;{}&#8220; sticky_enabled=&#8220;0&#8243;][\/et_pb_button][\/et_pb_column][et_pb_column type=&#8220;2_5&#8243; _builder_version=&#8220;4.16&#8243; _module_preset=&#8220;default&#8220; global_colors_info=&#8220;{}&#8220;][et_pb_text _builder_version=&#8220;4.16&#8243; _module_preset=&#8220;default&#8220; link_text_color=&#8220;#000000&#8243; global_colors_info=&#8220;{}&#8220;]<\/p>\n<h5>INFORMATIONEN<\/h5>\n<p>Ge\u00f6ffnet : von Aprill bis Oktober ; Donnerstag bis Sonntag, 10:30 Uhr bis 18:30 Uhr<br \/>\n3 Terrassen f\u00fcr 60 Personen und 24 Pl\u00e4tze im Innern<\/p>\n<p>Achtung : Bei schlechtem Wetter sind die Sitzpl\u00e4tze drinnen begrenzt und k\u00f6nnen nicht garantiert werden.<\/p>\n<h5>ZUGANG<\/h5>\n<p style=\"padding-bottom: 14px;\">Zugang zu Fuss entlang der Suone, 10 bis 15 Minuten zu Fuss<\/p>\n<h5>KONTAKT<\/h5>\n<p>Kontakt : 027\/205 65 25<br \/>\nreservation@celliers.ch<br \/>\n079\/ 246 56 59 \u2013 f\u00fcr Last-Minute-Buchungen<\/p>\n<p>[\/et_pb_text][\/et_pb_column][\/et_pb_row][et_pb_row _builder_version=&#8220;4.16&#8243; _module_preset=&#8220;default&#8220; custom_padding=&#8220;||0px||false|false&#8220; global_colors_info=&#8220;{}&#8220;][et_pb_column type=&#8220;4_4&#8243; _builder_version=&#8220;4.16&#8243; _module_preset=&#8220;default&#8220; global_colors_info=&#8220;{}&#8220;][et_pb_image src=&#8220;https:\/\/bonvin1858.ch\/wp-content\/uploads\/2022\/02\/footer_guerites-1-scaled.jpg&#8220; title_text=&#8220;footer_guerites&#8220; _builder_version=&#8220;4.16&#8243; _module_preset=&#8220;default&#8220; global_colors_info=&#8220;{}&#8220;][\/et_pb_image][\/et_pb_column][\/et_pb_row][\/et_pb_section]<\/p>\n","protected":false},"excerpt":{"rendered":"<p>Geteiltes Vergn\u00fcgen im Mazot Clos du Ch\u00e2teauDiese Stadel, die fr\u00fcher den Winzern als Lagerraum und Unterschlupf dienten, sind nun f\u00fcr das Publikum ge\u00f6ffnet. Eine aussergew\u00f6hnliche Empfangsst\u00e4tte f\u00fcr Privatanl\u00e4sse, wo man die Weine direkt im Produktionsgebiet degustieren und kaufen kann. Die mitten in den Reben eingenistete Terrasse bietet einen grossartigen Ausblick auf die Burg Tourbillon und [&hellip;]<\/p>\n","protected":false},"author":4,"featured_media":0,"parent":0,"menu_order":0,"comment_status":"closed","ping_status":"closed","template":"","meta":{"_et_pb_use_builder":"on","_et_pb_old_content":"","_et_gb_content_width":"","footnotes":""},"dipi_cpt_category":[],"class_list":["post-1613","page","type-page","status-publish","hentry"],"yoast_head":"<!-- This site is optimized with the Yoast SEO plugin v27.2 - https:\/\/yoast.com\/product\/yoast-seo-wordpress\/ -->\n<title>Die Rebh\u00e4uschen - Charles Bonvin 1858<\/title>\n<meta name=\"robots\" content=\"index, follow, max-snippet:-1, max-image-preview:large, max-video-preview:-1\" \/>\n<link rel=\"canonical\" href=\"https:\/\/bonvin1858.ch\/de\/die-rebhaeuschen\/\" \/>\n<meta property=\"og:locale\" content=\"de_DE\" \/>\n<meta property=\"og:type\" content=\"article\" \/>\n<meta property=\"og:title\" content=\"Die Rebh\u00e4uschen - Charles Bonvin 1858\" \/>\n<meta property=\"og:description\" content=\"Geteiltes Vergn\u00fcgen im Mazot Clos du Ch\u00e2teauDiese Stadel, die fr\u00fcher den Winzern als Lagerraum und Unterschlupf dienten, sind nun f\u00fcr das Publikum ge\u00f6ffnet. Eine aussergew\u00f6hnliche Empfangsst\u00e4tte f\u00fcr Privatanl\u00e4sse, wo man die Weine direkt im Produktionsgebiet degustieren und kaufen kann. Die mitten in den Reben eingenistete Terrasse bietet einen grossartigen Ausblick auf die Burg Tourbillon und [&hellip;]\" \/>\n<meta property=\"og:url\" content=\"https:\/\/bonvin1858.ch\/de\/die-rebhaeuschen\/\" \/>\n<meta property=\"og:site_name\" content=\"Charles Bonvin 1858\" \/>\n<meta property=\"article:publisher\" content=\"https:\/\/www.facebook.com\/lescelliersdesion\" \/>\n<meta property=\"article:modified_time\" content=\"2025-04-10T19:18:44+00:00\" \/>\n<meta property=\"og:image\" content=\"https:\/\/bonvin1858.ch\/wp-content\/uploads\/2022\/01\/logo-bonvin.png\" \/>\n\t<meta property=\"og:image:width\" content=\"1637\" \/>\n\t<meta property=\"og:image:height\" content=\"468\" \/>\n\t<meta property=\"og:image:type\" content=\"image\/png\" \/>\n<meta name=\"twitter:card\" content=\"summary_large_image\" \/>\n<meta name=\"twitter:label1\" content=\"Gesch\u00e4tzte Lesezeit\" \/>\n\t<meta name=\"twitter:data1\" content=\"4\u00a0Minuten\" \/>\n<script type=\"application\/ld+json\" class=\"yoast-schema-graph\">{\"@context\":\"https:\/\/schema.org\",\"@graph\":[{\"@type\":\"WebPage\",\"@id\":\"https:\/\/bonvin1858.ch\/de\/die-rebhaeuschen\/\",\"url\":\"https:\/\/bonvin1858.ch\/de\/die-rebhaeuschen\/\",\"name\":\"Die Rebh\u00e4uschen - Charles Bonvin 1858\",\"isPartOf\":{\"@id\":\"https:\/\/bonvin1858.ch\/de\/#website\"},\"datePublished\":\"2022-02-15T15:27:42+00:00\",\"dateModified\":\"2025-04-10T19:18:44+00:00\",\"breadcrumb\":{\"@id\":\"https:\/\/bonvin1858.ch\/de\/die-rebhaeuschen\/#breadcrumb\"},\"inLanguage\":\"de\",\"potentialAction\":[{\"@type\":\"ReadAction\",\"target\":[\"https:\/\/bonvin1858.ch\/de\/die-rebhaeuschen\/\"]}]},{\"@type\":\"BreadcrumbList\",\"@id\":\"https:\/\/bonvin1858.ch\/de\/die-rebhaeuschen\/#breadcrumb\",\"itemListElement\":[{\"@type\":\"ListItem\",\"position\":1,\"name\":\"Accueil\",\"item\":\"https:\/\/bonvin1858.ch\/de\/\"},{\"@type\":\"ListItem\",\"position\":2,\"name\":\"Die Rebh\u00e4uschen\"}]},{\"@type\":\"WebSite\",\"@id\":\"https:\/\/bonvin1858.ch\/de\/#website\",\"url\":\"https:\/\/bonvin1858.ch\/de\/\",\"name\":\"Charles Bonvin 1858\",\"description\":\"\",\"publisher\":{\"@id\":\"https:\/\/bonvin1858.ch\/de\/#organization\"},\"potentialAction\":[{\"@type\":\"SearchAction\",\"target\":{\"@type\":\"EntryPoint\",\"urlTemplate\":\"https:\/\/bonvin1858.ch\/de\/?s={search_term_string}\"},\"query-input\":{\"@type\":\"PropertyValueSpecification\",\"valueRequired\":true,\"valueName\":\"search_term_string\"}}],\"inLanguage\":\"de\"},{\"@type\":\"Organization\",\"@id\":\"https:\/\/bonvin1858.ch\/de\/#organization\",\"name\":\"Charles Bonvin 1858\",\"url\":\"https:\/\/bonvin1858.ch\/de\/\",\"logo\":{\"@type\":\"ImageObject\",\"inLanguage\":\"de\",\"@id\":\"https:\/\/bonvin1858.ch\/de\/#\/schema\/logo\/image\/\",\"url\":\"https:\/\/bonvin1858.ch\/wp-content\/uploads\/2022\/02\/logo-bonvin.png\",\"contentUrl\":\"https:\/\/bonvin1858.ch\/wp-content\/uploads\/2022\/02\/logo-bonvin.png\",\"width\":1637,\"height\":468,\"caption\":\"Charles Bonvin 1858\"},\"image\":{\"@id\":\"https:\/\/bonvin1858.ch\/de\/#\/schema\/logo\/image\/\"},\"sameAs\":[\"https:\/\/www.facebook.com\/lescelliersdesion\",\"https:\/\/www.instagram.com\/lescelliersdesion\",\"https:\/\/www.linkedin.com\/company\/celliers-de-sion\/\"]}]}<\/script>\n<!-- \/ Yoast SEO plugin. -->","yoast_head_json":{"title":"Die Rebh\u00e4uschen - Charles Bonvin 1858","robots":{"index":"index","follow":"follow","max-snippet":"max-snippet:-1","max-image-preview":"max-image-preview:large","max-video-preview":"max-video-preview:-1"},"canonical":"https:\/\/bonvin1858.ch\/de\/die-rebhaeuschen\/","og_locale":"de_DE","og_type":"article","og_title":"Die Rebh\u00e4uschen - Charles Bonvin 1858","og_description":"Geteiltes Vergn\u00fcgen im Mazot Clos du Ch\u00e2teauDiese Stadel, die fr\u00fcher den Winzern als Lagerraum und Unterschlupf dienten, sind nun f\u00fcr das Publikum ge\u00f6ffnet. Eine aussergew\u00f6hnliche Empfangsst\u00e4tte f\u00fcr Privatanl\u00e4sse, wo man die Weine direkt im Produktionsgebiet degustieren und kaufen kann. Die mitten in den Reben eingenistete Terrasse bietet einen grossartigen Ausblick auf die Burg Tourbillon und [&hellip;]","og_url":"https:\/\/bonvin1858.ch\/de\/die-rebhaeuschen\/","og_site_name":"Charles Bonvin 1858","article_publisher":"https:\/\/www.facebook.com\/lescelliersdesion","article_modified_time":"2025-04-10T19:18:44+00:00","og_image":[{"width":1637,"height":468,"url":"https:\/\/bonvin1858.ch\/wp-content\/uploads\/2022\/01\/logo-bonvin.png","type":"image\/png"}],"twitter_card":"summary_large_image","twitter_misc":{"Gesch\u00e4tzte Lesezeit":"4\u00a0Minuten"},"schema":{"@context":"https:\/\/schema.org","@graph":[{"@type":"WebPage","@id":"https:\/\/bonvin1858.ch\/de\/die-rebhaeuschen\/","url":"https:\/\/bonvin1858.ch\/de\/die-rebhaeuschen\/","name":"Die Rebh\u00e4uschen - Charles Bonvin 1858","isPartOf":{"@id":"https:\/\/bonvin1858.ch\/de\/#website"},"datePublished":"2022-02-15T15:27:42+00:00","dateModified":"2025-04-10T19:18:44+00:00","breadcrumb":{"@id":"https:\/\/bonvin1858.ch\/de\/die-rebhaeuschen\/#breadcrumb"},"inLanguage":"de","potentialAction":[{"@type":"ReadAction","target":["https:\/\/bonvin1858.ch\/de\/die-rebhaeuschen\/"]}]},{"@type":"BreadcrumbList","@id":"https:\/\/bonvin1858.ch\/de\/die-rebhaeuschen\/#breadcrumb","itemListElement":[{"@type":"ListItem","position":1,"name":"Accueil","item":"https:\/\/bonvin1858.ch\/de\/"},{"@type":"ListItem","position":2,"name":"Die Rebh\u00e4uschen"}]},{"@type":"WebSite","@id":"https:\/\/bonvin1858.ch\/de\/#website","url":"https:\/\/bonvin1858.ch\/de\/","name":"Charles Bonvin 1858","description":"","publisher":{"@id":"https:\/\/bonvin1858.ch\/de\/#organization"},"potentialAction":[{"@type":"SearchAction","target":{"@type":"EntryPoint","urlTemplate":"https:\/\/bonvin1858.ch\/de\/?s={search_term_string}"},"query-input":{"@type":"PropertyValueSpecification","valueRequired":true,"valueName":"search_term_string"}}],"inLanguage":"de"},{"@type":"Organization","@id":"https:\/\/bonvin1858.ch\/de\/#organization","name":"Charles Bonvin 1858","url":"https:\/\/bonvin1858.ch\/de\/","logo":{"@type":"ImageObject","inLanguage":"de","@id":"https:\/\/bonvin1858.ch\/de\/#\/schema\/logo\/image\/","url":"https:\/\/bonvin1858.ch\/wp-content\/uploads\/2022\/02\/logo-bonvin.png","contentUrl":"https:\/\/bonvin1858.ch\/wp-content\/uploads\/2022\/02\/logo-bonvin.png","width":1637,"height":468,"caption":"Charles Bonvin 1858"},"image":{"@id":"https:\/\/bonvin1858.ch\/de\/#\/schema\/logo\/image\/"},"sameAs":["https:\/\/www.facebook.com\/lescelliersdesion","https:\/\/www.instagram.com\/lescelliersdesion","https:\/\/www.linkedin.com\/company\/celliers-de-sion\/"]}]}},"_links":{"self":[{"href":"https:\/\/bonvin1858.ch\/de\/wp-json\/wp\/v2\/pages\/1613","targetHints":{"allow":["GET"]}}],"collection":[{"href":"https:\/\/bonvin1858.ch\/de\/wp-json\/wp\/v2\/pages"}],"about":[{"href":"https:\/\/bonvin1858.ch\/de\/wp-json\/wp\/v2\/types\/page"}],"author":[{"embeddable":true,"href":"https:\/\/bonvin1858.ch\/de\/wp-json\/wp\/v2\/users\/4"}],"replies":[{"embeddable":true,"href":"https:\/\/bonvin1858.ch\/de\/wp-json\/wp\/v2\/comments?post=1613"}],"version-history":[{"count":5,"href":"https:\/\/bonvin1858.ch\/de\/wp-json\/wp\/v2\/pages\/1613\/revisions"}],"predecessor-version":[{"id":2696,"href":"https:\/\/bonvin1858.ch\/de\/wp-json\/wp\/v2\/pages\/1613\/revisions\/2696"}],"wp:attachment":[{"href":"https:\/\/bonvin1858.ch\/de\/wp-json\/wp\/v2\/media?parent=1613"}],"wp:term":[{"taxonomy":"dipi_cpt_category","embeddable":true,"href":"https:\/\/bonvin1858.ch\/de\/wp-json\/wp\/v2\/dipi_cpt_category?post=1613"}],"curies":[{"name":"wp","href":"https:\/\/api.w.org\/{rel}","templated":true}]}}