{"id":1597,"date":"2022-02-15T14:36:29","date_gmt":"2022-02-15T14:36:29","guid":{"rendered":"https:\/\/bonvin-dev.ch\/die-weingueter\/"},"modified":"2022-02-15T15:29:58","modified_gmt":"2022-02-15T15:29:58","slug":"die-weingueter","status":"publish","type":"page","link":"https:\/\/bonvin1858.ch\/de\/die-weingueter\/","title":{"rendered":"Die Weing\u00fcter"},"content":{"rendered":"<p>[et_pb_section fb_built=&#8220;1&#8243; _builder_version=&#8220;4.14.7&#8243; _module_preset=&#8220;default&#8220; custom_margin=&#8220;|||300px|false|false&#8220; custom_margin_tablet=&#8220;|||0px|false|false&#8220; custom_margin_phone=&#8220;|||0px|false|false&#8220; custom_margin_last_edited=&#8220;on|tablet&#8220; custom_padding=&#8220;0px||||false|false&#8220; global_colors_info=&#8220;{}&#8220;][et_pb_row _builder_version=&#8220;4.14.2&#8243; _module_preset=&#8220;default&#8220; width=&#8220;100%&#8220; max_width=&#8220;100%&#8220; custom_margin=&#8220;|0px|||false|false&#8220; custom_padding=&#8220;0px|||||&#8220; global_colors_info=&#8220;{}&#8220;][et_pb_column type=&#8220;4_4&#8243; _builder_version=&#8220;4.14.2&#8243; _module_preset=&#8220;default&#8220; global_colors_info=&#8220;{}&#8220;][et_pb_image src=&#8220;https:\/\/bonvin1858.ch\/wp-content\/uploads\/2022\/02\/Grande-image-domaines.jpg&#8220; title_text=&#8220;Grande-image-domaines&#8220; align=&#8220;center&#8220; force_fullwidth=&#8220;on&#8220; _builder_version=&#8220;4.14.7&#8243; _module_preset=&#8220;default&#8220; global_colors_info=&#8220;{}&#8220;][\/et_pb_image][\/et_pb_column][\/et_pb_row][et_pb_row _builder_version=&#8220;4.14.2&#8243; _module_preset=&#8220;default&#8220; global_colors_info=&#8220;{}&#8220;][et_pb_column type=&#8220;4_4&#8243; _builder_version=&#8220;4.14.2&#8243; _module_preset=&#8220;default&#8220; global_colors_info=&#8220;{}&#8220;][et_pb_text _builder_version=&#8220;4.14.7&#8243; _module_preset=&#8220;default&#8220; header_2_text_align=&#8220;center&#8220; global_colors_info=&#8220;{}&#8220;]<\/p>\n<h2>Die Weing\u00fcter<\/h2>\n<p>[\/et_pb_text][\/et_pb_column][\/et_pb_row][et_pb_row column_structure=&#8220;3_5,2_5&#8243; use_custom_gutter=&#8220;on&#8220; gutter_width=&#8220;4&#8243; _builder_version=&#8220;4.14.2&#8243; _module_preset=&#8220;default&#8220; global_colors_info=&#8220;{}&#8220;][et_pb_column type=&#8220;3_5&#8243; _builder_version=&#8220;4.14.2&#8243; _module_preset=&#8220;default&#8220; global_colors_info=&#8220;{}&#8220;][et_pb_text _builder_version=&#8220;4.14.7&#8243; _module_preset=&#8220;default&#8220; custom_margin=&#8220;||||false|false&#8220; hover_enabled=&#8220;0&#8243; global_colors_info=&#8220;{}&#8220; sticky_enabled=&#8220;0&#8243;]<\/p>\n<p>Wagemutige Unternehmer der Familie Bonvin haben in Schwerarbeit die steilen H\u00e4nge modelliert, um pr\u00e4chtige Rebg\u00fcter zu schaffen. Geduldig haben sie in den besten Lagen des Rhonetals ihre prestigetr\u00e4chtige Reberbschaft zusammengestellt.<\/p>\n<p>Die Kellerei Charles Bonvin stellt die Terroirs und die Authentizit\u00e4t ihrer Weine in den Vordergrund. Diese kommen unter der Bezeichnung der Rebg\u00fcter in den Verkauf: Br\u00fblefer, Clos du Ch\u00e2teau, Terra Cotta, Ch\u00e2teau Conthey, Plan Loggier, Mont Fleuri.<\/p>\n<p>Auf diesen Wineg\u00fcter reifen sowohl einheimische Rebsorten, wie Petite Arvine, Amigne oder Humagne, wie auch internationale Gew\u00e4chse, unter ihnen Marsanne und Syrah, die sich auf den Rebterrassen des Rhonetals besonders wohl f\u00fchlen.<\/p>\n<p>Unsere Winzermeister pflegen diese Reben auf umweltfreundliche Art gem\u00e4ss den Vorschriften der integrierten Produktion.<\/p>\n<p>Wir laden Sie ein, diese Kellerei zu entdecken, die tief im Walliser Terroir verankert ist und die den heroischen Weinbau in steilen Lagen, die bis zum Himmel reichen, symbolisiert. W\u00e4hrend \u00fcber 150 Jahren hat sich die Kellerei fortlaufend entwickelt. In den Reben, im Keller, im Verkauf und nun im Oenotourismus, Charles Bonvin wird Sie weiterhin \u00fcberraschen\u2026 Durch eine ununterbrochene und sorgf\u00e4ltige Pflege seiner Dom\u00e4nen hat das Haus eine gut definierte Identit\u00e4t erlangt. Wie das auch bei grossen franz\u00f6sischen Weing\u00fctern der Fall ist, geniesst Charles Bonvin dank der Qualit\u00e4t der Terroirs und der G\u00fcte seiner Weine eine unumstrittene Anerkennung.<br \/>\nBeweis daf\u00fcr ist die 2014 vom Grand Prix du Vin Suisse verliehene h\u00f6chste Auszeichnung \u00abWeinkellerei des Jahres\u00bb. Eine Terroirkellerei, die charaktervolle Weine produziert, erwartet Sie!<\/p>\n<p>[\/et_pb_text][\/et_pb_column][et_pb_column type=&#8220;2_5&#8243; _builder_version=&#8220;4.14.2&#8243; _module_preset=&#8220;default&#8220; global_colors_info=&#8220;{}&#8220;][et_pb_text _builder_version=&#8220;4.14.7&#8243; _module_preset=&#8220;default&#8220; link_text_color=&#8220;#000000&#8243; hover_enabled=&#8220;0&#8243; global_colors_info=&#8220;{}&#8220; sticky_enabled=&#8220;0&#8243;]<\/p>\n<h3>Einheimische Rebsorten<\/h3>\n<p>Petite Arvine, Amigne oder Humagne, Cornalin<\/p>\n<p>&nbsp;<\/p>\n<h3>Integrierte Produktion<\/h3>\n<p>&nbsp;<\/p>\n<h3>Mehr als 160 Jahre alt<\/h3>\n<p>&nbsp;<\/p>\n<h3>Qualit\u00e4t seiner B\u00f6den<\/h3>\n<p>&nbsp;<\/p>\n<h3>Schweizer Weingut des Jahres 2014<\/h3>\n<p>&nbsp;<\/p>\n<h3>\u00a0<\/h3>\n<p>[\/et_pb_text][\/et_pb_column][\/et_pb_row][\/et_pb_section][et_pb_section fb_built=&#8220;1&#8243; _builder_version=&#8220;4.14.7&#8243; _module_preset=&#8220;default&#8220; custom_margin=&#8220;|||300px|false|false&#8220; custom_margin_tablet=&#8220;|||0px|false|false&#8220; custom_margin_phone=&#8220;|||0px|false|false&#8220; custom_margin_last_edited=&#8220;on|tablet&#8220; custom_padding=&#8220;0px||0px||false|false&#8220; global_colors_info=&#8220;{}&#8220;][et_pb_row _builder_version=&#8220;4.14.7&#8243; _module_preset=&#8220;default&#8220; width=&#8220;100%&#8220; max_width=&#8220;100%&#8220; custom_margin=&#8220;|0px|||false|false&#8220; custom_padding=&#8220;0px||0px||false|false&#8220; global_colors_info=&#8220;{}&#8220;][et_pb_column type=&#8220;4_4&#8243; _builder_version=&#8220;4.14.2&#8243; _module_preset=&#8220;default&#8220; global_colors_info=&#8220;{}&#8220;][et_pb_image src=&#8220;https:\/\/bonvin1858.ch\/wp-content\/uploads\/2022\/02\/footer-Domaines-.jpg&#8220; title_text=&#8220;footer Domaines&#8220; align=&#8220;center&#8220; force_fullwidth=&#8220;on&#8220; _builder_version=&#8220;4.14.7&#8243; _module_preset=&#8220;default&#8220; global_colors_info=&#8220;{}&#8220;][\/et_pb_image][\/et_pb_column][\/et_pb_row][\/et_pb_section]<\/p>\n","protected":false},"excerpt":{"rendered":"<p>Die Weing\u00fcterWagemutige Unternehmer der Familie Bonvin haben in Schwerarbeit die steilen H\u00e4nge modelliert, um pr\u00e4chtige Rebg\u00fcter zu schaffen. Geduldig haben sie in den besten Lagen des Rhonetals ihre prestigetr\u00e4chtige Reberbschaft zusammengestellt. Die Kellerei Charles Bonvin stellt die Terroirs und die Authentizit\u00e4t ihrer Weine in den Vordergrund. Diese kommen unter der Bezeichnung der Rebg\u00fcter in den [&hellip;]<\/p>\n","protected":false},"author":3,"featured_media":0,"parent":0,"menu_order":0,"comment_status":"closed","ping_status":"closed","template":"","meta":{"_et_pb_use_builder":"on","_et_pb_old_content":"","_et_gb_content_width":"","footnotes":""},"dipi_cpt_category":[],"class_list":["post-1597","page","type-page","status-publish","hentry"],"yoast_head":"<!-- This site is optimized with the Yoast SEO plugin v27.3 - https:\/\/yoast.com\/product\/yoast-seo-wordpress\/ -->\n<title>Die Weing\u00fcter - Charles Bonvin 1858<\/title>\n<meta name=\"robots\" content=\"index, follow, max-snippet:-1, max-image-preview:large, max-video-preview:-1\" \/>\n<link rel=\"canonical\" href=\"https:\/\/bonvin1858.ch\/de\/die-weingueter\/\" \/>\n<meta property=\"og:locale\" content=\"de_DE\" \/>\n<meta property=\"og:type\" content=\"article\" \/>\n<meta property=\"og:title\" content=\"Die Weing\u00fcter - Charles Bonvin 1858\" \/>\n<meta property=\"og:description\" content=\"Die Weing\u00fcterWagemutige Unternehmer der Familie Bonvin haben in Schwerarbeit die steilen H\u00e4nge modelliert, um pr\u00e4chtige Rebg\u00fcter zu schaffen. Geduldig haben sie in den besten Lagen des Rhonetals ihre prestigetr\u00e4chtige Reberbschaft zusammengestellt. Die Kellerei Charles Bonvin stellt die Terroirs und die Authentizit\u00e4t ihrer Weine in den Vordergrund. Diese kommen unter der Bezeichnung der Rebg\u00fcter in den [&hellip;]\" \/>\n<meta property=\"og:url\" content=\"https:\/\/bonvin1858.ch\/de\/die-weingueter\/\" \/>\n<meta property=\"og:site_name\" content=\"Charles Bonvin 1858\" \/>\n<meta property=\"article:publisher\" content=\"https:\/\/www.facebook.com\/lescelliersdesion\" \/>\n<meta property=\"article:modified_time\" content=\"2022-02-15T15:29:58+00:00\" \/>\n<meta property=\"og:image\" content=\"https:\/\/bonvin1858.ch\/wp-content\/uploads\/2022\/01\/logo-bonvin.png\" \/>\n\t<meta property=\"og:image:width\" content=\"1637\" \/>\n\t<meta property=\"og:image:height\" content=\"468\" \/>\n\t<meta property=\"og:image:type\" content=\"image\/png\" \/>\n<meta name=\"twitter:card\" content=\"summary_large_image\" \/>\n<meta name=\"twitter:label1\" content=\"Gesch\u00e4tzte Lesezeit\" \/>\n\t<meta name=\"twitter:data1\" content=\"3\u00a0Minuten\" \/>\n<script type=\"application\/ld+json\" class=\"yoast-schema-graph\">{\"@context\":\"https:\\\/\\\/schema.org\",\"@graph\":[{\"@type\":\"WebPage\",\"@id\":\"https:\\\/\\\/bonvin1858.ch\\\/de\\\/die-weingueter\\\/\",\"url\":\"https:\\\/\\\/bonvin1858.ch\\\/de\\\/die-weingueter\\\/\",\"name\":\"Die Weing\u00fcter - Charles Bonvin 1858\",\"isPartOf\":{\"@id\":\"https:\\\/\\\/bonvin1858.ch\\\/de\\\/#website\"},\"datePublished\":\"2022-02-15T14:36:29+00:00\",\"dateModified\":\"2022-02-15T15:29:58+00:00\",\"breadcrumb\":{\"@id\":\"https:\\\/\\\/bonvin1858.ch\\\/de\\\/die-weingueter\\\/#breadcrumb\"},\"inLanguage\":\"de\",\"potentialAction\":[{\"@type\":\"ReadAction\",\"target\":[\"https:\\\/\\\/bonvin1858.ch\\\/de\\\/die-weingueter\\\/\"]}]},{\"@type\":\"BreadcrumbList\",\"@id\":\"https:\\\/\\\/bonvin1858.ch\\\/de\\\/die-weingueter\\\/#breadcrumb\",\"itemListElement\":[{\"@type\":\"ListItem\",\"position\":1,\"name\":\"Accueil\",\"item\":\"https:\\\/\\\/bonvin1858.ch\\\/de\\\/\"},{\"@type\":\"ListItem\",\"position\":2,\"name\":\"Die Weing\u00fcter\"}]},{\"@type\":\"WebSite\",\"@id\":\"https:\\\/\\\/bonvin1858.ch\\\/de\\\/#website\",\"url\":\"https:\\\/\\\/bonvin1858.ch\\\/de\\\/\",\"name\":\"Charles Bonvin 1858\",\"description\":\"\",\"publisher\":{\"@id\":\"https:\\\/\\\/bonvin1858.ch\\\/de\\\/#organization\"},\"potentialAction\":[{\"@type\":\"SearchAction\",\"target\":{\"@type\":\"EntryPoint\",\"urlTemplate\":\"https:\\\/\\\/bonvin1858.ch\\\/de\\\/?s={search_term_string}\"},\"query-input\":{\"@type\":\"PropertyValueSpecification\",\"valueRequired\":true,\"valueName\":\"search_term_string\"}}],\"inLanguage\":\"de\"},{\"@type\":\"Organization\",\"@id\":\"https:\\\/\\\/bonvin1858.ch\\\/de\\\/#organization\",\"name\":\"Charles Bonvin 1858\",\"url\":\"https:\\\/\\\/bonvin1858.ch\\\/de\\\/\",\"logo\":{\"@type\":\"ImageObject\",\"inLanguage\":\"de\",\"@id\":\"https:\\\/\\\/bonvin1858.ch\\\/de\\\/#\\\/schema\\\/logo\\\/image\\\/\",\"url\":\"https:\\\/\\\/bonvin1858.ch\\\/wp-content\\\/uploads\\\/2022\\\/02\\\/logo-bonvin.png\",\"contentUrl\":\"https:\\\/\\\/bonvin1858.ch\\\/wp-content\\\/uploads\\\/2022\\\/02\\\/logo-bonvin.png\",\"width\":1637,\"height\":468,\"caption\":\"Charles Bonvin 1858\"},\"image\":{\"@id\":\"https:\\\/\\\/bonvin1858.ch\\\/de\\\/#\\\/schema\\\/logo\\\/image\\\/\"},\"sameAs\":[\"https:\\\/\\\/www.facebook.com\\\/lescelliersdesion\",\"https:\\\/\\\/www.instagram.com\\\/lescelliersdesion\",\"https:\\\/\\\/www.linkedin.com\\\/company\\\/celliers-de-sion\\\/\"]}]}<\/script>\n<!-- \/ Yoast SEO plugin. -->","yoast_head_json":{"title":"Die Weing\u00fcter - Charles Bonvin 1858","robots":{"index":"index","follow":"follow","max-snippet":"max-snippet:-1","max-image-preview":"max-image-preview:large","max-video-preview":"max-video-preview:-1"},"canonical":"https:\/\/bonvin1858.ch\/de\/die-weingueter\/","og_locale":"de_DE","og_type":"article","og_title":"Die Weing\u00fcter - Charles Bonvin 1858","og_description":"Die Weing\u00fcterWagemutige Unternehmer der Familie Bonvin haben in Schwerarbeit die steilen H\u00e4nge modelliert, um pr\u00e4chtige Rebg\u00fcter zu schaffen. Geduldig haben sie in den besten Lagen des Rhonetals ihre prestigetr\u00e4chtige Reberbschaft zusammengestellt. Die Kellerei Charles Bonvin stellt die Terroirs und die Authentizit\u00e4t ihrer Weine in den Vordergrund. Diese kommen unter der Bezeichnung der Rebg\u00fcter in den [&hellip;]","og_url":"https:\/\/bonvin1858.ch\/de\/die-weingueter\/","og_site_name":"Charles Bonvin 1858","article_publisher":"https:\/\/www.facebook.com\/lescelliersdesion","article_modified_time":"2022-02-15T15:29:58+00:00","og_image":[{"width":1637,"height":468,"url":"https:\/\/bonvin1858.ch\/wp-content\/uploads\/2022\/01\/logo-bonvin.png","type":"image\/png"}],"twitter_card":"summary_large_image","twitter_misc":{"Gesch\u00e4tzte Lesezeit":"3\u00a0Minuten"},"schema":{"@context":"https:\/\/schema.org","@graph":[{"@type":"WebPage","@id":"https:\/\/bonvin1858.ch\/de\/die-weingueter\/","url":"https:\/\/bonvin1858.ch\/de\/die-weingueter\/","name":"Die Weing\u00fcter - Charles Bonvin 1858","isPartOf":{"@id":"https:\/\/bonvin1858.ch\/de\/#website"},"datePublished":"2022-02-15T14:36:29+00:00","dateModified":"2022-02-15T15:29:58+00:00","breadcrumb":{"@id":"https:\/\/bonvin1858.ch\/de\/die-weingueter\/#breadcrumb"},"inLanguage":"de","potentialAction":[{"@type":"ReadAction","target":["https:\/\/bonvin1858.ch\/de\/die-weingueter\/"]}]},{"@type":"BreadcrumbList","@id":"https:\/\/bonvin1858.ch\/de\/die-weingueter\/#breadcrumb","itemListElement":[{"@type":"ListItem","position":1,"name":"Accueil","item":"https:\/\/bonvin1858.ch\/de\/"},{"@type":"ListItem","position":2,"name":"Die Weing\u00fcter"}]},{"@type":"WebSite","@id":"https:\/\/bonvin1858.ch\/de\/#website","url":"https:\/\/bonvin1858.ch\/de\/","name":"Charles Bonvin 1858","description":"","publisher":{"@id":"https:\/\/bonvin1858.ch\/de\/#organization"},"potentialAction":[{"@type":"SearchAction","target":{"@type":"EntryPoint","urlTemplate":"https:\/\/bonvin1858.ch\/de\/?s={search_term_string}"},"query-input":{"@type":"PropertyValueSpecification","valueRequired":true,"valueName":"search_term_string"}}],"inLanguage":"de"},{"@type":"Organization","@id":"https:\/\/bonvin1858.ch\/de\/#organization","name":"Charles Bonvin 1858","url":"https:\/\/bonvin1858.ch\/de\/","logo":{"@type":"ImageObject","inLanguage":"de","@id":"https:\/\/bonvin1858.ch\/de\/#\/schema\/logo\/image\/","url":"https:\/\/bonvin1858.ch\/wp-content\/uploads\/2022\/02\/logo-bonvin.png","contentUrl":"https:\/\/bonvin1858.ch\/wp-content\/uploads\/2022\/02\/logo-bonvin.png","width":1637,"height":468,"caption":"Charles Bonvin 1858"},"image":{"@id":"https:\/\/bonvin1858.ch\/de\/#\/schema\/logo\/image\/"},"sameAs":["https:\/\/www.facebook.com\/lescelliersdesion","https:\/\/www.instagram.com\/lescelliersdesion","https:\/\/www.linkedin.com\/company\/celliers-de-sion\/"]}]}},"_links":{"self":[{"href":"https:\/\/bonvin1858.ch\/de\/wp-json\/wp\/v2\/pages\/1597","targetHints":{"allow":["GET"]}}],"collection":[{"href":"https:\/\/bonvin1858.ch\/de\/wp-json\/wp\/v2\/pages"}],"about":[{"href":"https:\/\/bonvin1858.ch\/de\/wp-json\/wp\/v2\/types\/page"}],"author":[{"embeddable":true,"href":"https:\/\/bonvin1858.ch\/de\/wp-json\/wp\/v2\/users\/3"}],"replies":[{"embeddable":true,"href":"https:\/\/bonvin1858.ch\/de\/wp-json\/wp\/v2\/comments?post=1597"}],"version-history":[{"count":5,"href":"https:\/\/bonvin1858.ch\/de\/wp-json\/wp\/v2\/pages\/1597\/revisions"}],"predecessor-version":[{"id":1624,"href":"https:\/\/bonvin1858.ch\/de\/wp-json\/wp\/v2\/pages\/1597\/revisions\/1624"}],"wp:attachment":[{"href":"https:\/\/bonvin1858.ch\/de\/wp-json\/wp\/v2\/media?parent=1597"}],"wp:term":[{"taxonomy":"dipi_cpt_category","embeddable":true,"href":"https:\/\/bonvin1858.ch\/de\/wp-json\/wp\/v2\/dipi_cpt_category?post=1597"}],"curies":[{"name":"wp","href":"https:\/\/api.w.org\/{rel}","templated":true}]}}