{"id":1588,"date":"2022-02-15T14:23:37","date_gmt":"2022-02-15T14:23:37","guid":{"rendered":"https:\/\/bonvin-dev.ch\/die-geschichte\/"},"modified":"2022-03-15T11:38:38","modified_gmt":"2022-03-15T11:38:38","slug":"die-geschichte","status":"publish","type":"page","link":"https:\/\/bonvin1858.ch\/de\/die-geschichte\/","title":{"rendered":"Die Geschichte"},"content":{"rendered":"<p>[et_pb_section fb_built=&#8220;1&#8243; _builder_version=&#8220;4.14.7&#8243; _module_preset=&#8220;default&#8220; custom_margin=&#8220;|||300px|false|false&#8220; custom_margin_tablet=&#8220;|||0px|false|false&#8220; custom_margin_phone=&#8220;|||0px|false|false&#8220; custom_margin_last_edited=&#8220;on|tablet&#8220; custom_padding=&#8220;0px||0px||false|false&#8220; global_colors_info=&#8220;{}&#8220;][et_pb_row _builder_version=&#8220;4.14.2&#8243; _module_preset=&#8220;default&#8220; width=&#8220;100%&#8220; max_width=&#8220;100%&#8220; custom_margin=&#8220;|0px|||false|false&#8220; custom_padding=&#8220;0px|||||&#8220; global_colors_info=&#8220;{}&#8220;][et_pb_column type=&#8220;4_4&#8243; _builder_version=&#8220;4.14.2&#8243; _module_preset=&#8220;default&#8220; global_colors_info=&#8220;{}&#8220;][et_pb_image src=&#8220;https:\/\/bonvin1858.ch\/wp-content\/uploads\/2022\/01\/OUVRIER-PRESSOIR.jpg&#8220; title_text=&#8220;ARBEITER-+-WEINPRESSE&#8220; align=&#8220;center&#8220; force_fullwidth=&#8220;on&#8220; _builder_version=&#8220;4.14.2&#8243; _module_preset=&#8220;default&#8220; global_colors_info=&#8220;{}&#8220;][\/et_pb_image][\/et_pb_column][\/et_pb_row][et_pb_row _builder_version=&#8220;4.14.2&#8243; _module_preset=&#8220;default&#8220; global_colors_info=&#8220;{}&#8220;][et_pb_column type=&#8220;4_4&#8243; _builder_version=&#8220;4.14.2&#8243; _module_preset=&#8220;default&#8220; global_colors_info=&#8220;{}&#8220;][et_pb_text _builder_version=&#8220;4.14.2&#8243; _module_preset=&#8220;default&#8220; header_2_text_align=&#8220;center&#8220; header_2_font_size_tablet=&#8220;&#8220; header_2_font_size_phone=&#8220;24px&#8220; header_2_font_size_last_edited=&#8220;on|desktop&#8220; global_colors_info=&#8220;{}&#8220;]<\/p>\n<h2>Das \u00e4lteste Weinhaus<br \/>\nim Wallis<\/h2>\n<p>[\/et_pb_text][\/et_pb_column][\/et_pb_row][et_pb_row column_structure=&#8220;3_5,2_5&#8243; _builder_version=&#8220;4.14.2&#8243; _module_preset=&#8220;default&#8220; global_colors_info=&#8220;{}&#8220;][et_pb_column type=&#8220;3_5&#8243; _builder_version=&#8220;4.14.2&#8243; _module_preset=&#8220;default&#8220; global_colors_info=&#8220;{}&#8220;][et_pb_text _builder_version=&#8220;4.14.2&#8243; _module_preset=&#8220;default&#8220; custom_margin=&#8220;||||false|false&#8220; global_colors_info=&#8220;{}&#8220;]<\/p>\n<p>Bonvin 1858 ist das \u00e4lteste Weinhaus im Wallis. Die Kellerei hat wesentlich zum Ansehen der Schweizer Weine und insbesondere der Walliser Herkunftsbezeichnung beigetragen.<\/p>\n<p>Charles Bonvin bewirtschaftet 23,5 Hektar Rebfl\u00e4che in den besten Lagen des Mittelwallis: terrassierte, nach S\u00fcden ausgerichtete Rebst\u00f6cke auf trockenen, kalkhaltigen Schieferb\u00f6den, die sich in der bemerkenswerten Mineralit\u00e4t seiner Weine ausdr\u00fccken.<\/p>\n<p>Die aussergew\u00f6hnliche Lage der Bonvin-G\u00fcter, die gem\u00e4ss den Richtlinien der integrierten Produktion bewirtschaftet werden, sowie die mit modernen technischen Anlagen ausgestattete Kellerei erkl\u00e4ren den Erfolg dieser Weine mit ihrem pr\u00e4destinierten Namen.<\/p>\n<p>Die Auszeichnungen bei Wettbewerben sowie der Titel &#8222;Schweizer Weingut des Jahres&#8220;, der 2014 verliehen wurde, zeugen von einem traditionellen Know-how, das \u00fcber mehr als 150 Jahrg\u00e4nge hinweg verfeinert wurde.<\/p>\n<p>1992 gr\u00fcndeten Bonvin 1858 und Philippe Varone Vins Les Celliers de Champsec, um Synergien zu entwickeln. Seit 2017 intensivieren die beiden Partner ihre Zusammenarbeit mit einem gemeinsamen Verkaufsteam und dem ersten \u00d6nopark der Schweiz am Fusse der spektakul\u00e4ren TerrassenweinbergWeinliebhaber und Winzer.<\/p>\n<p>[\/et_pb_text][\/et_pb_column][et_pb_column type=&#8220;2_5&#8243; _builder_version=&#8220;4.14.2&#8243; _module_preset=&#8220;default&#8220; global_colors_info=&#8220;{}&#8220;][et_pb_text _builder_version=&#8220;4.14.7&#8243; _module_preset=&#8220;default&#8220; header_3_line_height=&#8220;1.7em&#8220; global_colors_info=&#8220;{}&#8220;]<\/p>\n<h3>23.5 ha Weinberge<\/h3>\n<h3>Schweizer Weingut des Jahres 2014<\/h3>\n<h3>150 Jahrg\u00e4nge<\/h3>\n<h3>David H\u00e9ritier<\/h3>\n<h3>Les Celliers de Sion<\/h3>\n<p>[\/et_pb_text][et_pb_button button_url=&#8220;\/de\/die-rebhaeuschen\/&#8220; button_text=&#8220;Unsere Rebh\u00e4uschen&#8220; _builder_version=&#8220;4.14.8&#8243; _module_preset=&#8220;default&#8220; hover_enabled=&#8220;0&#8243; global_colors_info=&#8220;{}&#8220; sticky_enabled=&#8220;0&#8243;][\/et_pb_button][et_pb_button button_url=&#8220;\/de\/die-weingueter\/&#8220; button_text=&#8220;Unsere Weing\u00fcter&#8220; _builder_version=&#8220;4.14.8&#8243; _module_preset=&#8220;default&#8220; hover_enabled=&#8220;0&#8243; global_colors_info=&#8220;{}&#8220; sticky_enabled=&#8220;0&#8243;][\/et_pb_button][\/et_pb_column][\/et_pb_row][et_pb_row _builder_version=&#8220;4.14.7&#8243; _module_preset=&#8220;default&#8220; custom_padding=&#8220;||0px||false|false&#8220; global_colors_info=&#8220;{}&#8220;][et_pb_column type=&#8220;4_4&#8243; _builder_version=&#8220;4.14.7&#8243; _module_preset=&#8220;default&#8220; global_colors_info=&#8220;{}&#8220;][et_pb_image src=&#8220;https:\/\/bonvin1858.ch\/wp-content\/uploads\/2022\/02\/footer_histoire-1.png&#8220; title_text=&#8220;footer_histoire&#8220; _builder_version=&#8220;4.14.7&#8243; _module_preset=&#8220;default&#8220; global_colors_info=&#8220;{}&#8220;][\/et_pb_image][\/et_pb_column][\/et_pb_row][\/et_pb_section]<\/p>\n","protected":false},"excerpt":{"rendered":"<p>Das \u00e4lteste Weinhaus im WallisBonvin 1858 ist das \u00e4lteste Weinhaus im Wallis. Die Kellerei hat wesentlich zum Ansehen der Schweizer Weine und insbesondere der Walliser Herkunftsbezeichnung beigetragen.Charles Bonvin bewirtschaftet 23,5 Hektar Rebfl\u00e4che in den besten Lagen des Mittelwallis: terrassierte, nach S\u00fcden ausgerichtete Rebst\u00f6cke auf trockenen, kalkhaltigen Schieferb\u00f6den, die sich in der bemerkenswerten Mineralit\u00e4t seiner Weine [&hellip;]<\/p>\n","protected":false},"author":4,"featured_media":0,"parent":0,"menu_order":0,"comment_status":"closed","ping_status":"closed","template":"","meta":{"_et_pb_use_builder":"on","_et_pb_old_content":"","_et_gb_content_width":"","footnotes":""},"dipi_cpt_category":[],"class_list":["post-1588","page","type-page","status-publish","hentry"],"yoast_head":"<!-- This site is optimized with the Yoast SEO plugin v27.2 - https:\/\/yoast.com\/product\/yoast-seo-wordpress\/ -->\n<title>Die Geschichte - Charles Bonvin 1858<\/title>\n<meta name=\"robots\" content=\"index, follow, max-snippet:-1, max-image-preview:large, max-video-preview:-1\" \/>\n<link rel=\"canonical\" href=\"https:\/\/bonvin1858.ch\/de\/die-geschichte\/\" \/>\n<meta property=\"og:locale\" content=\"de_DE\" \/>\n<meta property=\"og:type\" content=\"article\" \/>\n<meta property=\"og:title\" content=\"Die Geschichte - Charles Bonvin 1858\" \/>\n<meta property=\"og:description\" content=\"Das \u00e4lteste Weinhaus im WallisBonvin 1858 ist das \u00e4lteste Weinhaus im Wallis. Die Kellerei hat wesentlich zum Ansehen der Schweizer Weine und insbesondere der Walliser Herkunftsbezeichnung beigetragen.Charles Bonvin bewirtschaftet 23,5 Hektar Rebfl\u00e4che in den besten Lagen des Mittelwallis: terrassierte, nach S\u00fcden ausgerichtete Rebst\u00f6cke auf trockenen, kalkhaltigen Schieferb\u00f6den, die sich in der bemerkenswerten Mineralit\u00e4t seiner Weine [&hellip;]\" \/>\n<meta property=\"og:url\" content=\"https:\/\/bonvin1858.ch\/de\/die-geschichte\/\" \/>\n<meta property=\"og:site_name\" content=\"Charles Bonvin 1858\" \/>\n<meta property=\"article:publisher\" content=\"https:\/\/www.facebook.com\/lescelliersdesion\" \/>\n<meta property=\"article:modified_time\" content=\"2022-03-15T11:38:38+00:00\" \/>\n<meta property=\"og:image\" content=\"https:\/\/bonvin1858.ch\/wp-content\/uploads\/2022\/01\/logo-bonvin.png\" \/>\n\t<meta property=\"og:image:width\" content=\"1637\" \/>\n\t<meta property=\"og:image:height\" content=\"468\" \/>\n\t<meta property=\"og:image:type\" content=\"image\/png\" \/>\n<meta name=\"twitter:card\" content=\"summary_large_image\" \/>\n<meta name=\"twitter:label1\" content=\"Gesch\u00e4tzte Lesezeit\" \/>\n\t<meta name=\"twitter:data1\" content=\"3\u00a0Minuten\" \/>\n<script type=\"application\/ld+json\" class=\"yoast-schema-graph\">{\"@context\":\"https:\/\/schema.org\",\"@graph\":[{\"@type\":\"WebPage\",\"@id\":\"https:\/\/bonvin1858.ch\/de\/die-geschichte\/\",\"url\":\"https:\/\/bonvin1858.ch\/de\/die-geschichte\/\",\"name\":\"Die Geschichte - Charles Bonvin 1858\",\"isPartOf\":{\"@id\":\"https:\/\/bonvin1858.ch\/de\/#website\"},\"datePublished\":\"2022-02-15T14:23:37+00:00\",\"dateModified\":\"2022-03-15T11:38:38+00:00\",\"breadcrumb\":{\"@id\":\"https:\/\/bonvin1858.ch\/de\/die-geschichte\/#breadcrumb\"},\"inLanguage\":\"de\",\"potentialAction\":[{\"@type\":\"ReadAction\",\"target\":[\"https:\/\/bonvin1858.ch\/de\/die-geschichte\/\"]}]},{\"@type\":\"BreadcrumbList\",\"@id\":\"https:\/\/bonvin1858.ch\/de\/die-geschichte\/#breadcrumb\",\"itemListElement\":[{\"@type\":\"ListItem\",\"position\":1,\"name\":\"Accueil\",\"item\":\"https:\/\/bonvin1858.ch\/de\/\"},{\"@type\":\"ListItem\",\"position\":2,\"name\":\"Die Geschichte\"}]},{\"@type\":\"WebSite\",\"@id\":\"https:\/\/bonvin1858.ch\/de\/#website\",\"url\":\"https:\/\/bonvin1858.ch\/de\/\",\"name\":\"Charles Bonvin 1858\",\"description\":\"\",\"publisher\":{\"@id\":\"https:\/\/bonvin1858.ch\/de\/#organization\"},\"potentialAction\":[{\"@type\":\"SearchAction\",\"target\":{\"@type\":\"EntryPoint\",\"urlTemplate\":\"https:\/\/bonvin1858.ch\/de\/?s={search_term_string}\"},\"query-input\":{\"@type\":\"PropertyValueSpecification\",\"valueRequired\":true,\"valueName\":\"search_term_string\"}}],\"inLanguage\":\"de\"},{\"@type\":\"Organization\",\"@id\":\"https:\/\/bonvin1858.ch\/de\/#organization\",\"name\":\"Charles Bonvin 1858\",\"url\":\"https:\/\/bonvin1858.ch\/de\/\",\"logo\":{\"@type\":\"ImageObject\",\"inLanguage\":\"de\",\"@id\":\"https:\/\/bonvin1858.ch\/de\/#\/schema\/logo\/image\/\",\"url\":\"https:\/\/bonvin1858.ch\/wp-content\/uploads\/2022\/02\/logo-bonvin.png\",\"contentUrl\":\"https:\/\/bonvin1858.ch\/wp-content\/uploads\/2022\/02\/logo-bonvin.png\",\"width\":1637,\"height\":468,\"caption\":\"Charles Bonvin 1858\"},\"image\":{\"@id\":\"https:\/\/bonvin1858.ch\/de\/#\/schema\/logo\/image\/\"},\"sameAs\":[\"https:\/\/www.facebook.com\/lescelliersdesion\",\"https:\/\/www.instagram.com\/lescelliersdesion\",\"https:\/\/www.linkedin.com\/company\/celliers-de-sion\/\"]}]}<\/script>\n<!-- \/ Yoast SEO plugin. -->","yoast_head_json":{"title":"Die Geschichte - Charles Bonvin 1858","robots":{"index":"index","follow":"follow","max-snippet":"max-snippet:-1","max-image-preview":"max-image-preview:large","max-video-preview":"max-video-preview:-1"},"canonical":"https:\/\/bonvin1858.ch\/de\/die-geschichte\/","og_locale":"de_DE","og_type":"article","og_title":"Die Geschichte - Charles Bonvin 1858","og_description":"Das \u00e4lteste Weinhaus im WallisBonvin 1858 ist das \u00e4lteste Weinhaus im Wallis. Die Kellerei hat wesentlich zum Ansehen der Schweizer Weine und insbesondere der Walliser Herkunftsbezeichnung beigetragen.Charles Bonvin bewirtschaftet 23,5 Hektar Rebfl\u00e4che in den besten Lagen des Mittelwallis: terrassierte, nach S\u00fcden ausgerichtete Rebst\u00f6cke auf trockenen, kalkhaltigen Schieferb\u00f6den, die sich in der bemerkenswerten Mineralit\u00e4t seiner Weine [&hellip;]","og_url":"https:\/\/bonvin1858.ch\/de\/die-geschichte\/","og_site_name":"Charles Bonvin 1858","article_publisher":"https:\/\/www.facebook.com\/lescelliersdesion","article_modified_time":"2022-03-15T11:38:38+00:00","og_image":[{"width":1637,"height":468,"url":"https:\/\/bonvin1858.ch\/wp-content\/uploads\/2022\/01\/logo-bonvin.png","type":"image\/png"}],"twitter_card":"summary_large_image","twitter_misc":{"Gesch\u00e4tzte Lesezeit":"3\u00a0Minuten"},"schema":{"@context":"https:\/\/schema.org","@graph":[{"@type":"WebPage","@id":"https:\/\/bonvin1858.ch\/de\/die-geschichte\/","url":"https:\/\/bonvin1858.ch\/de\/die-geschichte\/","name":"Die Geschichte - Charles Bonvin 1858","isPartOf":{"@id":"https:\/\/bonvin1858.ch\/de\/#website"},"datePublished":"2022-02-15T14:23:37+00:00","dateModified":"2022-03-15T11:38:38+00:00","breadcrumb":{"@id":"https:\/\/bonvin1858.ch\/de\/die-geschichte\/#breadcrumb"},"inLanguage":"de","potentialAction":[{"@type":"ReadAction","target":["https:\/\/bonvin1858.ch\/de\/die-geschichte\/"]}]},{"@type":"BreadcrumbList","@id":"https:\/\/bonvin1858.ch\/de\/die-geschichte\/#breadcrumb","itemListElement":[{"@type":"ListItem","position":1,"name":"Accueil","item":"https:\/\/bonvin1858.ch\/de\/"},{"@type":"ListItem","position":2,"name":"Die Geschichte"}]},{"@type":"WebSite","@id":"https:\/\/bonvin1858.ch\/de\/#website","url":"https:\/\/bonvin1858.ch\/de\/","name":"Charles Bonvin 1858","description":"","publisher":{"@id":"https:\/\/bonvin1858.ch\/de\/#organization"},"potentialAction":[{"@type":"SearchAction","target":{"@type":"EntryPoint","urlTemplate":"https:\/\/bonvin1858.ch\/de\/?s={search_term_string}"},"query-input":{"@type":"PropertyValueSpecification","valueRequired":true,"valueName":"search_term_string"}}],"inLanguage":"de"},{"@type":"Organization","@id":"https:\/\/bonvin1858.ch\/de\/#organization","name":"Charles Bonvin 1858","url":"https:\/\/bonvin1858.ch\/de\/","logo":{"@type":"ImageObject","inLanguage":"de","@id":"https:\/\/bonvin1858.ch\/de\/#\/schema\/logo\/image\/","url":"https:\/\/bonvin1858.ch\/wp-content\/uploads\/2022\/02\/logo-bonvin.png","contentUrl":"https:\/\/bonvin1858.ch\/wp-content\/uploads\/2022\/02\/logo-bonvin.png","width":1637,"height":468,"caption":"Charles Bonvin 1858"},"image":{"@id":"https:\/\/bonvin1858.ch\/de\/#\/schema\/logo\/image\/"},"sameAs":["https:\/\/www.facebook.com\/lescelliersdesion","https:\/\/www.instagram.com\/lescelliersdesion","https:\/\/www.linkedin.com\/company\/celliers-de-sion\/"]}]}},"_links":{"self":[{"href":"https:\/\/bonvin1858.ch\/de\/wp-json\/wp\/v2\/pages\/1588","targetHints":{"allow":["GET"]}}],"collection":[{"href":"https:\/\/bonvin1858.ch\/de\/wp-json\/wp\/v2\/pages"}],"about":[{"href":"https:\/\/bonvin1858.ch\/de\/wp-json\/wp\/v2\/types\/page"}],"author":[{"embeddable":true,"href":"https:\/\/bonvin1858.ch\/de\/wp-json\/wp\/v2\/users\/4"}],"replies":[{"embeddable":true,"href":"https:\/\/bonvin1858.ch\/de\/wp-json\/wp\/v2\/comments?post=1588"}],"version-history":[{"count":5,"href":"https:\/\/bonvin1858.ch\/de\/wp-json\/wp\/v2\/pages\/1588\/revisions"}],"predecessor-version":[{"id":2070,"href":"https:\/\/bonvin1858.ch\/de\/wp-json\/wp\/v2\/pages\/1588\/revisions\/2070"}],"wp:attachment":[{"href":"https:\/\/bonvin1858.ch\/de\/wp-json\/wp\/v2\/media?parent=1588"}],"wp:term":[{"taxonomy":"dipi_cpt_category","embeddable":true,"href":"https:\/\/bonvin1858.ch\/de\/wp-json\/wp\/v2\/dipi_cpt_category?post=1588"}],"curies":[{"name":"wp","href":"https:\/\/api.w.org\/{rel}","templated":true}]}}